{"id":4345,"date":"2022-03-02T16:21:00","date_gmt":"2022-03-02T15:21:00","guid":{"rendered":"http:\/\/localhost\/la-casa-del-prosciutto\/product\/coltello-alberti-1906\/"},"modified":"2024-07-29T17:52:49","modified_gmt":"2024-07-29T15:52:49","slug":"couteau-alberti-1906","status":"publish","type":"product","link":"https:\/\/security-prosciutto.publifarm.com\/fr\/product\/couteau-alberti-1906\/","title":{"rendered":"Couteau &#8220;Alberti 1906&#8221;"},"content":{"rendered":"<p>Couteau en acier \u00e0 longue lame (longueur : 28 cm).<\/p>\n<p>Le couteau &#8220;Alberti1906&#8221; est la solution id\u00e9ale pour d\u00e9guster du jambon m\u00eame lorsqu&#8217;il n&#8217;y a pas de trancheuse \u00e0 la maison.<\/p>\n<p>Parmi les diff\u00e9rentes tranches, nous recommandons la partie &#8220;noix&#8221; \u00e0 couper au couteau, car c&#8217;est la plus int\u00e9grale et la plus compacte.<\/p>\n<p>Si au contraire vous souhaitez profiter de toutes les coupes de jambon et devenir un vrai gourmand, le jambon \u00e0 l&#8217;os est la solution id\u00e9ale pour trancher au couteau !<\/p>\n","protected":false},"excerpt":{"rendered":"<p>Le couteau &#8220;Alberti1906&#8221;<\/p>\n","protected":false},"featured_media":4407,"template":"","meta":{"_acf_changed":false},"product_brand":[],"product_cat":[116],"product_tag":[],"class_list":{"0":"post-4345","1":"product","2":"type-product","3":"status-publish","4":"has-post-thumbnail","6":"product_cat-accessoires-du-charcutier","8":"first","9":"instock","10":"taxable","11":"shipping-taxable","12":"purchasable","13":"product-type-simple"},"acf":[],"yoast_head":"<!-- This site is optimized with the Yoast SEO plugin v27.0 - https:\/\/yoast.com\/product\/yoast-seo-wordpress\/ -->\n<title>Couteau &quot;Alberti 1906&quot; - La Casa del Prosciutto<\/title>\n<meta name=\"robots\" content=\"noindex, follow, max-snippet:-1, max-image-preview:large, max-video-preview:-1\" \/>\n<meta property=\"og:locale\" content=\"fr_FR\" \/>\n<meta property=\"og:type\" content=\"article\" \/>\n<meta property=\"og:title\" content=\"Couteau &quot;Alberti 1906&quot; - La Casa del Prosciutto\" \/>\n<meta property=\"og:description\" content=\"Le couteau &quot;Alberti1906&quot;\" \/>\n<meta property=\"og:url\" content=\"https:\/\/security-prosciutto.publifarm.com\/fr\/product\/couteau-alberti-1906\/\" \/>\n<meta property=\"og:site_name\" content=\"La Casa del Prosciutto\" \/>\n<meta property=\"article:modified_time\" content=\"2024-07-29T15:52:49+00:00\" \/>\n<meta property=\"og:image\" content=\"https:\/\/security-prosciutto.publifarm.com\/wp-content\/uploads\/2024\/07\/Coltello-_Alberti-1906_.jpg\" \/>\n\t<meta property=\"og:image:width\" content=\"1500\" \/>\n\t<meta property=\"og:image:height\" content=\"2250\" \/>\n\t<meta property=\"og:image:type\" content=\"image\/jpeg\" \/>\n<meta name=\"twitter:card\" content=\"summary_large_image\" \/>\n<script type=\"application\/ld+json\" class=\"yoast-schema-graph\">{\"@context\":\"https:\/\/schema.org\",\"@graph\":[{\"@type\":\"WebPage\",\"@id\":\"https:\/\/security-prosciutto.publifarm.com\/fr\/product\/couteau-alberti-1906\/\",\"url\":\"https:\/\/security-prosciutto.publifarm.com\/fr\/product\/couteau-alberti-1906\/\",\"name\":\"Couteau \\\"Alberti 1906\\\" - La Casa del Prosciutto\",\"isPartOf\":{\"@id\":\"https:\/\/security-prosciutto.publifarm.com\/fr\/#website\"},\"primaryImageOfPage\":{\"@id\":\"https:\/\/security-prosciutto.publifarm.com\/fr\/product\/couteau-alberti-1906\/#primaryimage\"},\"image\":{\"@id\":\"https:\/\/security-prosciutto.publifarm.com\/fr\/product\/couteau-alberti-1906\/#primaryimage\"},\"thumbnailUrl\":\"https:\/\/security-prosciutto.publifarm.com\/wp-content\/uploads\/2024\/07\/Coltello-_Alberti-1906_.jpg\",\"datePublished\":\"2022-03-02T15:21:00+00:00\",\"dateModified\":\"2024-07-29T15:52:49+00:00\",\"breadcrumb\":{\"@id\":\"https:\/\/security-prosciutto.publifarm.com\/fr\/product\/couteau-alberti-1906\/#breadcrumb\"},\"inLanguage\":\"fr-FR\",\"potentialAction\":[{\"@type\":\"ReadAction\",\"target\":[\"https:\/\/security-prosciutto.publifarm.com\/fr\/product\/couteau-alberti-1906\/\"]}]},{\"@type\":\"ImageObject\",\"inLanguage\":\"fr-FR\",\"@id\":\"https:\/\/security-prosciutto.publifarm.com\/fr\/product\/couteau-alberti-1906\/#primaryimage\",\"url\":\"https:\/\/security-prosciutto.publifarm.com\/wp-content\/uploads\/2024\/07\/Coltello-_Alberti-1906_.jpg\",\"contentUrl\":\"https:\/\/security-prosciutto.publifarm.com\/wp-content\/uploads\/2024\/07\/Coltello-_Alberti-1906_.jpg\",\"width\":1500,\"height\":2250},{\"@type\":\"BreadcrumbList\",\"@id\":\"https:\/\/security-prosciutto.publifarm.com\/fr\/product\/couteau-alberti-1906\/#breadcrumb\",\"itemListElement\":[{\"@type\":\"ListItem\",\"position\":1,\"name\":\"Home\",\"item\":\"https:\/\/security-prosciutto.publifarm.com\/fr\/\"},{\"@type\":\"ListItem\",\"position\":2,\"name\":\"Shop\",\"item\":\"https:\/\/security-prosciutto.publifarm.com\/shop\/\"},{\"@type\":\"ListItem\",\"position\":3,\"name\":\"Couteau &#8220;Alberti 1906&#8221;\"}]},{\"@type\":\"WebSite\",\"@id\":\"https:\/\/security-prosciutto.publifarm.com\/fr\/#website\",\"url\":\"https:\/\/security-prosciutto.publifarm.com\/fr\/\",\"name\":\"La Casa del Prosciutto\",\"description\":\"Alberti 1906\",\"potentialAction\":[{\"@type\":\"SearchAction\",\"target\":{\"@type\":\"EntryPoint\",\"urlTemplate\":\"https:\/\/security-prosciutto.publifarm.com\/fr\/?s={search_term_string}\"},\"query-input\":{\"@type\":\"PropertyValueSpecification\",\"valueRequired\":true,\"valueName\":\"search_term_string\"}}],\"inLanguage\":\"fr-FR\"}]}<\/script>\n<!-- \/ Yoast SEO plugin. -->","yoast_head_json":{"title":"Couteau \"Alberti 1906\" - La Casa del Prosciutto","robots":{"index":"noindex","follow":"follow","max-snippet":"max-snippet:-1","max-image-preview":"max-image-preview:large","max-video-preview":"max-video-preview:-1"},"og_locale":"fr_FR","og_type":"article","og_title":"Couteau \"Alberti 1906\" - La Casa del Prosciutto","og_description":"Le couteau \"Alberti1906\"","og_url":"https:\/\/security-prosciutto.publifarm.com\/fr\/product\/couteau-alberti-1906\/","og_site_name":"La Casa del Prosciutto","article_modified_time":"2024-07-29T15:52:49+00:00","og_image":[{"width":1500,"height":2250,"url":"https:\/\/security-prosciutto.publifarm.com\/wp-content\/uploads\/2024\/07\/Coltello-_Alberti-1906_.jpg","type":"image\/jpeg"}],"twitter_card":"summary_large_image","schema":{"@context":"https:\/\/schema.org","@graph":[{"@type":"WebPage","@id":"https:\/\/security-prosciutto.publifarm.com\/fr\/product\/couteau-alberti-1906\/","url":"https:\/\/security-prosciutto.publifarm.com\/fr\/product\/couteau-alberti-1906\/","name":"Couteau \"Alberti 1906\" - La Casa del Prosciutto","isPartOf":{"@id":"https:\/\/security-prosciutto.publifarm.com\/fr\/#website"},"primaryImageOfPage":{"@id":"https:\/\/security-prosciutto.publifarm.com\/fr\/product\/couteau-alberti-1906\/#primaryimage"},"image":{"@id":"https:\/\/security-prosciutto.publifarm.com\/fr\/product\/couteau-alberti-1906\/#primaryimage"},"thumbnailUrl":"https:\/\/security-prosciutto.publifarm.com\/wp-content\/uploads\/2024\/07\/Coltello-_Alberti-1906_.jpg","datePublished":"2022-03-02T15:21:00+00:00","dateModified":"2024-07-29T15:52:49+00:00","breadcrumb":{"@id":"https:\/\/security-prosciutto.publifarm.com\/fr\/product\/couteau-alberti-1906\/#breadcrumb"},"inLanguage":"fr-FR","potentialAction":[{"@type":"ReadAction","target":["https:\/\/security-prosciutto.publifarm.com\/fr\/product\/couteau-alberti-1906\/"]}]},{"@type":"ImageObject","inLanguage":"fr-FR","@id":"https:\/\/security-prosciutto.publifarm.com\/fr\/product\/couteau-alberti-1906\/#primaryimage","url":"https:\/\/security-prosciutto.publifarm.com\/wp-content\/uploads\/2024\/07\/Coltello-_Alberti-1906_.jpg","contentUrl":"https:\/\/security-prosciutto.publifarm.com\/wp-content\/uploads\/2024\/07\/Coltello-_Alberti-1906_.jpg","width":1500,"height":2250},{"@type":"BreadcrumbList","@id":"https:\/\/security-prosciutto.publifarm.com\/fr\/product\/couteau-alberti-1906\/#breadcrumb","itemListElement":[{"@type":"ListItem","position":1,"name":"Home","item":"https:\/\/security-prosciutto.publifarm.com\/fr\/"},{"@type":"ListItem","position":2,"name":"Shop","item":"https:\/\/security-prosciutto.publifarm.com\/shop\/"},{"@type":"ListItem","position":3,"name":"Couteau &#8220;Alberti 1906&#8221;"}]},{"@type":"WebSite","@id":"https:\/\/security-prosciutto.publifarm.com\/fr\/#website","url":"https:\/\/security-prosciutto.publifarm.com\/fr\/","name":"La Casa del Prosciutto","description":"Alberti 1906","potentialAction":[{"@type":"SearchAction","target":{"@type":"EntryPoint","urlTemplate":"https:\/\/security-prosciutto.publifarm.com\/fr\/?s={search_term_string}"},"query-input":{"@type":"PropertyValueSpecification","valueRequired":true,"valueName":"search_term_string"}}],"inLanguage":"fr-FR"}]}},"jetpack_sharing_enabled":true,"_links":{"self":[{"href":"https:\/\/security-prosciutto.publifarm.com\/fr\/wp-json\/wp\/v2\/product\/4345","targetHints":{"allow":["GET"]}}],"collection":[{"href":"https:\/\/security-prosciutto.publifarm.com\/fr\/wp-json\/wp\/v2\/product"}],"about":[{"href":"https:\/\/security-prosciutto.publifarm.com\/fr\/wp-json\/wp\/v2\/types\/product"}],"wp:featuredmedia":[{"embeddable":true,"href":"https:\/\/security-prosciutto.publifarm.com\/fr\/wp-json\/wp\/v2\/media\/4407"}],"wp:attachment":[{"href":"https:\/\/security-prosciutto.publifarm.com\/fr\/wp-json\/wp\/v2\/media?parent=4345"}],"wp:term":[{"taxonomy":"product_brand","embeddable":true,"href":"https:\/\/security-prosciutto.publifarm.com\/fr\/wp-json\/wp\/v2\/product_brand?post=4345"},{"taxonomy":"product_cat","embeddable":true,"href":"https:\/\/security-prosciutto.publifarm.com\/fr\/wp-json\/wp\/v2\/product_cat?post=4345"},{"taxonomy":"product_tag","embeddable":true,"href":"https:\/\/security-prosciutto.publifarm.com\/fr\/wp-json\/wp\/v2\/product_tag?post=4345"}],"curies":[{"name":"wp","href":"https:\/\/api.w.org\/{rel}","templated":true}]}}