{"id":2262,"date":"2024-07-12T11:25:31","date_gmt":"2024-07-12T09:25:31","guid":{"rendered":"http:\/\/localhost\/la-casa-del-prosciutto\/product\/puntarelle\/"},"modified":"2024-12-13T12:58:55","modified_gmt":"2024-12-13T11:58:55","slug":"puntarelle","status":"publish","type":"product","link":"https:\/\/security-prosciutto.publifarm.com\/fr\/product\/puntarelle\/","title":{"rendered":"Puntarelle"},"content":{"rendered":"<h3><strong>Ingr\u00e9dients<\/strong><\/h3>\n<p>Chicor\u00e9e de Catalogne &#8216;Cichorium intybus L.&#8217; (61 %), huile de tournesol, huile d\u2019olive extra vierge, vinaigre de pomme, sucre, sel complet, jus de citron.<\/p>\n<h3>Mode de conservation<\/h3>\n<p>A conserver dans un endroit frais et sec. Apr\u00e8s ouverture, conserver au r\u00e9frig\u00e9rateur et consommer dans les 7 jours.<\/p>\n<h3>Shelf-Life<\/h3>\n<p>Ferm\u00e9: 36 mois \u00e0 temp\u00e9rature ambiante<br \/>\nApr\u00e8s ouverture : 7 jours au r\u00e9frig\u00e9rateur<\/p>\n","protected":false},"excerpt":{"rendered":"<p>Le \u00ab c\u0153ur \u00bb de la chicor\u00e9e, dont la finesse s\u2019\u00e9loigne du go\u00fbt \u00ab amer \u00bb que l\u2019on associe habituellement \u00e0 ce l\u00e9gume.<\/p>\n","protected":false},"featured_media":4443,"template":"","meta":{"_acf_changed":false},"product_brand":[],"product_cat":[108],"product_tag":[],"class_list":{"0":"post-2262","1":"product","2":"type-product","3":"status-publish","4":"has-post-thumbnail","6":"product_cat-autres-specialites","8":"first","9":"instock","10":"taxable","11":"shipping-taxable","12":"purchasable","13":"product-type-simple"},"acf":[],"yoast_head":"<!-- This site is optimized with the Yoast SEO plugin v27.0 - https:\/\/yoast.com\/product\/yoast-seo-wordpress\/ -->\n<title>Puntarelle - La Casa del Prosciutto<\/title>\n<meta name=\"robots\" content=\"noindex, follow, max-snippet:-1, max-image-preview:large, max-video-preview:-1\" \/>\n<meta property=\"og:locale\" content=\"fr_FR\" \/>\n<meta property=\"og:type\" content=\"article\" \/>\n<meta property=\"og:title\" content=\"Puntarelle - La Casa del Prosciutto\" \/>\n<meta property=\"og:description\" content=\"Le \u00ab c\u0153ur \u00bb de la chicor\u00e9e, dont la finesse s\u2019\u00e9loigne du go\u00fbt \u00ab amer \u00bb que l\u2019on associe habituellement \u00e0 ce l\u00e9gume.\" \/>\n<meta property=\"og:url\" content=\"https:\/\/security-prosciutto.publifarm.com\/fr\/product\/puntarelle\/\" \/>\n<meta property=\"og:site_name\" content=\"La Casa del Prosciutto\" \/>\n<meta property=\"article:modified_time\" content=\"2024-12-13T11:58:55+00:00\" \/>\n<meta property=\"og:image\" content=\"https:\/\/security-prosciutto.publifarm.com\/wp-content\/uploads\/2024\/07\/Puntarelle.jpg\" \/>\n\t<meta property=\"og:image:width\" content=\"1500\" \/>\n\t<meta property=\"og:image:height\" content=\"2250\" \/>\n\t<meta property=\"og:image:type\" content=\"image\/jpeg\" \/>\n<meta name=\"twitter:card\" content=\"summary_large_image\" \/>\n<meta name=\"twitter:label1\" content=\"Est. reading time\" \/>\n\t<meta name=\"twitter:data1\" content=\"1 minute\" \/>\n<script type=\"application\/ld+json\" class=\"yoast-schema-graph\">{\"@context\":\"https:\/\/schema.org\",\"@graph\":[{\"@type\":\"WebPage\",\"@id\":\"https:\/\/security-prosciutto.publifarm.com\/fr\/product\/puntarelle\/\",\"url\":\"https:\/\/security-prosciutto.publifarm.com\/fr\/product\/puntarelle\/\",\"name\":\"Puntarelle - La Casa del Prosciutto\",\"isPartOf\":{\"@id\":\"https:\/\/security-prosciutto.publifarm.com\/fr\/#website\"},\"primaryImageOfPage\":{\"@id\":\"https:\/\/security-prosciutto.publifarm.com\/fr\/product\/puntarelle\/#primaryimage\"},\"image\":{\"@id\":\"https:\/\/security-prosciutto.publifarm.com\/fr\/product\/puntarelle\/#primaryimage\"},\"thumbnailUrl\":\"https:\/\/security-prosciutto.publifarm.com\/wp-content\/uploads\/2024\/07\/Puntarelle.jpg\",\"datePublished\":\"2024-07-12T09:25:31+00:00\",\"dateModified\":\"2024-12-13T11:58:55+00:00\",\"breadcrumb\":{\"@id\":\"https:\/\/security-prosciutto.publifarm.com\/fr\/product\/puntarelle\/#breadcrumb\"},\"inLanguage\":\"fr-FR\",\"potentialAction\":[{\"@type\":\"ReadAction\",\"target\":[\"https:\/\/security-prosciutto.publifarm.com\/fr\/product\/puntarelle\/\"]}]},{\"@type\":\"ImageObject\",\"inLanguage\":\"fr-FR\",\"@id\":\"https:\/\/security-prosciutto.publifarm.com\/fr\/product\/puntarelle\/#primaryimage\",\"url\":\"https:\/\/security-prosciutto.publifarm.com\/wp-content\/uploads\/2024\/07\/Puntarelle.jpg\",\"contentUrl\":\"https:\/\/security-prosciutto.publifarm.com\/wp-content\/uploads\/2024\/07\/Puntarelle.jpg\",\"width\":1500,\"height\":2250},{\"@type\":\"BreadcrumbList\",\"@id\":\"https:\/\/security-prosciutto.publifarm.com\/fr\/product\/puntarelle\/#breadcrumb\",\"itemListElement\":[{\"@type\":\"ListItem\",\"position\":1,\"name\":\"Home\",\"item\":\"https:\/\/security-prosciutto.publifarm.com\/fr\/\"},{\"@type\":\"ListItem\",\"position\":2,\"name\":\"Shop\",\"item\":\"https:\/\/security-prosciutto.publifarm.com\/shop\/\"},{\"@type\":\"ListItem\",\"position\":3,\"name\":\"Puntarelle\"}]},{\"@type\":\"WebSite\",\"@id\":\"https:\/\/security-prosciutto.publifarm.com\/fr\/#website\",\"url\":\"https:\/\/security-prosciutto.publifarm.com\/fr\/\",\"name\":\"La Casa del Prosciutto\",\"description\":\"Alberti 1906\",\"potentialAction\":[{\"@type\":\"SearchAction\",\"target\":{\"@type\":\"EntryPoint\",\"urlTemplate\":\"https:\/\/security-prosciutto.publifarm.com\/fr\/?s={search_term_string}\"},\"query-input\":{\"@type\":\"PropertyValueSpecification\",\"valueRequired\":true,\"valueName\":\"search_term_string\"}}],\"inLanguage\":\"fr-FR\"}]}<\/script>\n<!-- \/ Yoast SEO plugin. -->","yoast_head_json":{"title":"Puntarelle - La Casa del Prosciutto","robots":{"index":"noindex","follow":"follow","max-snippet":"max-snippet:-1","max-image-preview":"max-image-preview:large","max-video-preview":"max-video-preview:-1"},"og_locale":"fr_FR","og_type":"article","og_title":"Puntarelle - La Casa del Prosciutto","og_description":"Le \u00ab c\u0153ur \u00bb de la chicor\u00e9e, dont la finesse s\u2019\u00e9loigne du go\u00fbt \u00ab amer \u00bb que l\u2019on associe habituellement \u00e0 ce l\u00e9gume.","og_url":"https:\/\/security-prosciutto.publifarm.com\/fr\/product\/puntarelle\/","og_site_name":"La Casa del Prosciutto","article_modified_time":"2024-12-13T11:58:55+00:00","og_image":[{"width":1500,"height":2250,"url":"https:\/\/security-prosciutto.publifarm.com\/wp-content\/uploads\/2024\/07\/Puntarelle.jpg","type":"image\/jpeg"}],"twitter_card":"summary_large_image","twitter_misc":{"Est. reading time":"1 minute"},"schema":{"@context":"https:\/\/schema.org","@graph":[{"@type":"WebPage","@id":"https:\/\/security-prosciutto.publifarm.com\/fr\/product\/puntarelle\/","url":"https:\/\/security-prosciutto.publifarm.com\/fr\/product\/puntarelle\/","name":"Puntarelle - La Casa del Prosciutto","isPartOf":{"@id":"https:\/\/security-prosciutto.publifarm.com\/fr\/#website"},"primaryImageOfPage":{"@id":"https:\/\/security-prosciutto.publifarm.com\/fr\/product\/puntarelle\/#primaryimage"},"image":{"@id":"https:\/\/security-prosciutto.publifarm.com\/fr\/product\/puntarelle\/#primaryimage"},"thumbnailUrl":"https:\/\/security-prosciutto.publifarm.com\/wp-content\/uploads\/2024\/07\/Puntarelle.jpg","datePublished":"2024-07-12T09:25:31+00:00","dateModified":"2024-12-13T11:58:55+00:00","breadcrumb":{"@id":"https:\/\/security-prosciutto.publifarm.com\/fr\/product\/puntarelle\/#breadcrumb"},"inLanguage":"fr-FR","potentialAction":[{"@type":"ReadAction","target":["https:\/\/security-prosciutto.publifarm.com\/fr\/product\/puntarelle\/"]}]},{"@type":"ImageObject","inLanguage":"fr-FR","@id":"https:\/\/security-prosciutto.publifarm.com\/fr\/product\/puntarelle\/#primaryimage","url":"https:\/\/security-prosciutto.publifarm.com\/wp-content\/uploads\/2024\/07\/Puntarelle.jpg","contentUrl":"https:\/\/security-prosciutto.publifarm.com\/wp-content\/uploads\/2024\/07\/Puntarelle.jpg","width":1500,"height":2250},{"@type":"BreadcrumbList","@id":"https:\/\/security-prosciutto.publifarm.com\/fr\/product\/puntarelle\/#breadcrumb","itemListElement":[{"@type":"ListItem","position":1,"name":"Home","item":"https:\/\/security-prosciutto.publifarm.com\/fr\/"},{"@type":"ListItem","position":2,"name":"Shop","item":"https:\/\/security-prosciutto.publifarm.com\/shop\/"},{"@type":"ListItem","position":3,"name":"Puntarelle"}]},{"@type":"WebSite","@id":"https:\/\/security-prosciutto.publifarm.com\/fr\/#website","url":"https:\/\/security-prosciutto.publifarm.com\/fr\/","name":"La Casa del Prosciutto","description":"Alberti 1906","potentialAction":[{"@type":"SearchAction","target":{"@type":"EntryPoint","urlTemplate":"https:\/\/security-prosciutto.publifarm.com\/fr\/?s={search_term_string}"},"query-input":{"@type":"PropertyValueSpecification","valueRequired":true,"valueName":"search_term_string"}}],"inLanguage":"fr-FR"}]}},"jetpack_sharing_enabled":true,"_links":{"self":[{"href":"https:\/\/security-prosciutto.publifarm.com\/fr\/wp-json\/wp\/v2\/product\/2262","targetHints":{"allow":["GET"]}}],"collection":[{"href":"https:\/\/security-prosciutto.publifarm.com\/fr\/wp-json\/wp\/v2\/product"}],"about":[{"href":"https:\/\/security-prosciutto.publifarm.com\/fr\/wp-json\/wp\/v2\/types\/product"}],"wp:featuredmedia":[{"embeddable":true,"href":"https:\/\/security-prosciutto.publifarm.com\/fr\/wp-json\/wp\/v2\/media\/4443"}],"wp:attachment":[{"href":"https:\/\/security-prosciutto.publifarm.com\/fr\/wp-json\/wp\/v2\/media?parent=2262"}],"wp:term":[{"taxonomy":"product_brand","embeddable":true,"href":"https:\/\/security-prosciutto.publifarm.com\/fr\/wp-json\/wp\/v2\/product_brand?post=2262"},{"taxonomy":"product_cat","embeddable":true,"href":"https:\/\/security-prosciutto.publifarm.com\/fr\/wp-json\/wp\/v2\/product_cat?post=2262"},{"taxonomy":"product_tag","embeddable":true,"href":"https:\/\/security-prosciutto.publifarm.com\/fr\/wp-json\/wp\/v2\/product_tag?post=2262"}],"curies":[{"name":"wp","href":"https:\/\/api.w.org\/{rel}","templated":true}]}}