{"id":2254,"date":"2024-11-06T16:05:46","date_gmt":"2024-11-06T15:05:46","guid":{"rendered":"http:\/\/localhost\/la-casa-del-prosciutto\/product\/10-vaschette-di-prosciutto-affettato\/"},"modified":"2024-11-28T19:43:39","modified_gmt":"2024-11-28T18:43:39","slug":"10-barquettes-de-jambon-en-tranches","status":"publish","type":"product","link":"https:\/\/security-prosciutto.publifarm.com\/fr\/product\/10-barquettes-de-jambon-en-tranches\/","title":{"rendered":"\u201cIl Cofanetto\u201d Alberti 1906 Jambon de San Daniele tranch\u00e9"},"content":{"rendered":"<h3>Ingr\u00e9dients<\/h3>\n<p>Cuisse de porc italien, sel de mer. Sans gluten, sans allerg\u00e8nes, sans additifs, sans conservateurs et sans colorants.<\/p>\n<h3>Mode de conservation<\/h3>\n<p>Conserver au r\u00e9frig\u00e9rateur (entre +1 \u00b0C et +7 \u00b0C).<\/p>\n<h3>Emballage<\/h3>\n<p>Le jambon est emball\u00e9 en atmosph\u00e8re protectrice \u00e0 base de gaz inertes qui emp\u00eachent l\u2019oxydation<\/p>\n<h3>Shelf-Life<\/h3>\n<p>Ferm\u00e9: 90 jours<br \/>\nD\u00e8s l&#8217;ouverture: 1 jour<\/p>\n<h3>Curiosit\u00e9<\/h3>\n<p>Ces grains microscopiques que l\u2019on trouve parfois au centre de la partie maigre ne sont pas des grains de sel mais de simples cristaux de tyrosine, une substance naturelle qui provient du vieillissement des prot\u00e9ines et qui est le signe d\u2019un affinage prolong\u00e9<\/p>\n","protected":false},"excerpt":{"rendered":"<p>10 boites longue conservation de 90g.<\/p>\n","protected":false},"featured_media":5628,"template":"","meta":{"_acf_changed":false},"product_brand":[],"product_cat":[112],"product_tag":[],"class_list":{"0":"post-2254","1":"product","2":"type-product","3":"status-publish","4":"has-post-thumbnail","6":"product_cat-jambon-tranche","8":"first","9":"instock","10":"sale","11":"taxable","12":"shipping-taxable","13":"purchasable","14":"product-type-simple"},"acf":[],"yoast_head":"<!-- This site is optimized with the Yoast SEO plugin v27.0 - https:\/\/yoast.com\/product\/yoast-seo-wordpress\/ -->\n<title>\u201cIl Cofanetto\u201d Alberti 1906 Jambon de San Daniele tranch\u00e9 - La Casa del Prosciutto<\/title>\n<meta name=\"robots\" content=\"noindex, follow, max-snippet:-1, max-image-preview:large, max-video-preview:-1\" \/>\n<meta property=\"og:locale\" content=\"fr_FR\" \/>\n<meta property=\"og:type\" content=\"article\" \/>\n<meta property=\"og:title\" content=\"\u201cIl Cofanetto\u201d Alberti 1906 Jambon de San Daniele tranch\u00e9 - La Casa del Prosciutto\" \/>\n<meta property=\"og:description\" content=\"10 boites longue conservation de 90g.\" \/>\n<meta property=\"og:url\" content=\"https:\/\/security-prosciutto.publifarm.com\/fr\/product\/10-barquettes-de-jambon-en-tranches\/\" \/>\n<meta property=\"og:site_name\" content=\"La Casa del Prosciutto\" \/>\n<meta property=\"article:modified_time\" content=\"2024-11-28T18:43:39+00:00\" \/>\n<meta property=\"og:image\" content=\"https:\/\/security-prosciutto.publifarm.com\/wp-content\/uploads\/2024\/11\/cofanetto-10x.jpg\" \/>\n\t<meta property=\"og:image:width\" content=\"1500\" \/>\n\t<meta property=\"og:image:height\" content=\"2250\" \/>\n\t<meta property=\"og:image:type\" content=\"image\/jpeg\" \/>\n<meta name=\"twitter:card\" content=\"summary_large_image\" \/>\n<meta name=\"twitter:label1\" content=\"Est. reading time\" \/>\n\t<meta name=\"twitter:data1\" content=\"1 minute\" \/>\n<script type=\"application\/ld+json\" class=\"yoast-schema-graph\">{\"@context\":\"https:\/\/schema.org\",\"@graph\":[{\"@type\":\"WebPage\",\"@id\":\"https:\/\/security-prosciutto.publifarm.com\/fr\/product\/10-barquettes-de-jambon-en-tranches\/\",\"url\":\"https:\/\/security-prosciutto.publifarm.com\/fr\/product\/10-barquettes-de-jambon-en-tranches\/\",\"name\":\"\u201cIl Cofanetto\u201d Alberti 1906 Jambon de San Daniele tranch\u00e9 - La Casa del Prosciutto\",\"isPartOf\":{\"@id\":\"https:\/\/security-prosciutto.publifarm.com\/fr\/#website\"},\"primaryImageOfPage\":{\"@id\":\"https:\/\/security-prosciutto.publifarm.com\/fr\/product\/10-barquettes-de-jambon-en-tranches\/#primaryimage\"},\"image\":{\"@id\":\"https:\/\/security-prosciutto.publifarm.com\/fr\/product\/10-barquettes-de-jambon-en-tranches\/#primaryimage\"},\"thumbnailUrl\":\"https:\/\/security-prosciutto.publifarm.com\/wp-content\/uploads\/2024\/11\/cofanetto-10x.jpg\",\"datePublished\":\"2024-11-06T15:05:46+00:00\",\"dateModified\":\"2024-11-28T18:43:39+00:00\",\"breadcrumb\":{\"@id\":\"https:\/\/security-prosciutto.publifarm.com\/fr\/product\/10-barquettes-de-jambon-en-tranches\/#breadcrumb\"},\"inLanguage\":\"fr-FR\",\"potentialAction\":[{\"@type\":\"ReadAction\",\"target\":[\"https:\/\/security-prosciutto.publifarm.com\/fr\/product\/10-barquettes-de-jambon-en-tranches\/\"]}]},{\"@type\":\"ImageObject\",\"inLanguage\":\"fr-FR\",\"@id\":\"https:\/\/security-prosciutto.publifarm.com\/fr\/product\/10-barquettes-de-jambon-en-tranches\/#primaryimage\",\"url\":\"https:\/\/security-prosciutto.publifarm.com\/wp-content\/uploads\/2024\/11\/cofanetto-10x.jpg\",\"contentUrl\":\"https:\/\/security-prosciutto.publifarm.com\/wp-content\/uploads\/2024\/11\/cofanetto-10x.jpg\",\"width\":1500,\"height\":2250},{\"@type\":\"BreadcrumbList\",\"@id\":\"https:\/\/security-prosciutto.publifarm.com\/fr\/product\/10-barquettes-de-jambon-en-tranches\/#breadcrumb\",\"itemListElement\":[{\"@type\":\"ListItem\",\"position\":1,\"name\":\"Home\",\"item\":\"https:\/\/security-prosciutto.publifarm.com\/fr\/\"},{\"@type\":\"ListItem\",\"position\":2,\"name\":\"Shop\",\"item\":\"https:\/\/security-prosciutto.publifarm.com\/shop\/\"},{\"@type\":\"ListItem\",\"position\":3,\"name\":\"\u201cIl Cofanetto\u201d Alberti 1906 Jambon de San Daniele tranch\u00e9\"}]},{\"@type\":\"WebSite\",\"@id\":\"https:\/\/security-prosciutto.publifarm.com\/fr\/#website\",\"url\":\"https:\/\/security-prosciutto.publifarm.com\/fr\/\",\"name\":\"La Casa del Prosciutto\",\"description\":\"Alberti 1906\",\"potentialAction\":[{\"@type\":\"SearchAction\",\"target\":{\"@type\":\"EntryPoint\",\"urlTemplate\":\"https:\/\/security-prosciutto.publifarm.com\/fr\/?s={search_term_string}\"},\"query-input\":{\"@type\":\"PropertyValueSpecification\",\"valueRequired\":true,\"valueName\":\"search_term_string\"}}],\"inLanguage\":\"fr-FR\"}]}<\/script>\n<!-- \/ Yoast SEO plugin. -->","yoast_head_json":{"title":"\u201cIl Cofanetto\u201d Alberti 1906 Jambon de San Daniele tranch\u00e9 - La Casa del Prosciutto","robots":{"index":"noindex","follow":"follow","max-snippet":"max-snippet:-1","max-image-preview":"max-image-preview:large","max-video-preview":"max-video-preview:-1"},"og_locale":"fr_FR","og_type":"article","og_title":"\u201cIl Cofanetto\u201d Alberti 1906 Jambon de San Daniele tranch\u00e9 - La Casa del Prosciutto","og_description":"10 boites longue conservation de 90g.","og_url":"https:\/\/security-prosciutto.publifarm.com\/fr\/product\/10-barquettes-de-jambon-en-tranches\/","og_site_name":"La Casa del Prosciutto","article_modified_time":"2024-11-28T18:43:39+00:00","og_image":[{"width":1500,"height":2250,"url":"https:\/\/security-prosciutto.publifarm.com\/wp-content\/uploads\/2024\/11\/cofanetto-10x.jpg","type":"image\/jpeg"}],"twitter_card":"summary_large_image","twitter_misc":{"Est. reading time":"1 minute"},"schema":{"@context":"https:\/\/schema.org","@graph":[{"@type":"WebPage","@id":"https:\/\/security-prosciutto.publifarm.com\/fr\/product\/10-barquettes-de-jambon-en-tranches\/","url":"https:\/\/security-prosciutto.publifarm.com\/fr\/product\/10-barquettes-de-jambon-en-tranches\/","name":"\u201cIl Cofanetto\u201d Alberti 1906 Jambon de San Daniele tranch\u00e9 - La Casa del Prosciutto","isPartOf":{"@id":"https:\/\/security-prosciutto.publifarm.com\/fr\/#website"},"primaryImageOfPage":{"@id":"https:\/\/security-prosciutto.publifarm.com\/fr\/product\/10-barquettes-de-jambon-en-tranches\/#primaryimage"},"image":{"@id":"https:\/\/security-prosciutto.publifarm.com\/fr\/product\/10-barquettes-de-jambon-en-tranches\/#primaryimage"},"thumbnailUrl":"https:\/\/security-prosciutto.publifarm.com\/wp-content\/uploads\/2024\/11\/cofanetto-10x.jpg","datePublished":"2024-11-06T15:05:46+00:00","dateModified":"2024-11-28T18:43:39+00:00","breadcrumb":{"@id":"https:\/\/security-prosciutto.publifarm.com\/fr\/product\/10-barquettes-de-jambon-en-tranches\/#breadcrumb"},"inLanguage":"fr-FR","potentialAction":[{"@type":"ReadAction","target":["https:\/\/security-prosciutto.publifarm.com\/fr\/product\/10-barquettes-de-jambon-en-tranches\/"]}]},{"@type":"ImageObject","inLanguage":"fr-FR","@id":"https:\/\/security-prosciutto.publifarm.com\/fr\/product\/10-barquettes-de-jambon-en-tranches\/#primaryimage","url":"https:\/\/security-prosciutto.publifarm.com\/wp-content\/uploads\/2024\/11\/cofanetto-10x.jpg","contentUrl":"https:\/\/security-prosciutto.publifarm.com\/wp-content\/uploads\/2024\/11\/cofanetto-10x.jpg","width":1500,"height":2250},{"@type":"BreadcrumbList","@id":"https:\/\/security-prosciutto.publifarm.com\/fr\/product\/10-barquettes-de-jambon-en-tranches\/#breadcrumb","itemListElement":[{"@type":"ListItem","position":1,"name":"Home","item":"https:\/\/security-prosciutto.publifarm.com\/fr\/"},{"@type":"ListItem","position":2,"name":"Shop","item":"https:\/\/security-prosciutto.publifarm.com\/shop\/"},{"@type":"ListItem","position":3,"name":"\u201cIl Cofanetto\u201d Alberti 1906 Jambon de San Daniele tranch\u00e9"}]},{"@type":"WebSite","@id":"https:\/\/security-prosciutto.publifarm.com\/fr\/#website","url":"https:\/\/security-prosciutto.publifarm.com\/fr\/","name":"La Casa del Prosciutto","description":"Alberti 1906","potentialAction":[{"@type":"SearchAction","target":{"@type":"EntryPoint","urlTemplate":"https:\/\/security-prosciutto.publifarm.com\/fr\/?s={search_term_string}"},"query-input":{"@type":"PropertyValueSpecification","valueRequired":true,"valueName":"search_term_string"}}],"inLanguage":"fr-FR"}]}},"jetpack_sharing_enabled":true,"_links":{"self":[{"href":"https:\/\/security-prosciutto.publifarm.com\/fr\/wp-json\/wp\/v2\/product\/2254","targetHints":{"allow":["GET"]}}],"collection":[{"href":"https:\/\/security-prosciutto.publifarm.com\/fr\/wp-json\/wp\/v2\/product"}],"about":[{"href":"https:\/\/security-prosciutto.publifarm.com\/fr\/wp-json\/wp\/v2\/types\/product"}],"wp:featuredmedia":[{"embeddable":true,"href":"https:\/\/security-prosciutto.publifarm.com\/fr\/wp-json\/wp\/v2\/media\/5628"}],"wp:attachment":[{"href":"https:\/\/security-prosciutto.publifarm.com\/fr\/wp-json\/wp\/v2\/media?parent=2254"}],"wp:term":[{"taxonomy":"product_brand","embeddable":true,"href":"https:\/\/security-prosciutto.publifarm.com\/fr\/wp-json\/wp\/v2\/product_brand?post=2254"},{"taxonomy":"product_cat","embeddable":true,"href":"https:\/\/security-prosciutto.publifarm.com\/fr\/wp-json\/wp\/v2\/product_cat?post=2254"},{"taxonomy":"product_tag","embeddable":true,"href":"https:\/\/security-prosciutto.publifarm.com\/fr\/wp-json\/wp\/v2\/product_tag?post=2254"}],"curies":[{"name":"wp","href":"https:\/\/api.w.org\/{rel}","templated":true}]}}