{"id":2207,"date":"2024-07-18T12:44:44","date_gmt":"2024-07-18T10:44:44","guid":{"rendered":"http:\/\/localhost\/la-casa-del-prosciutto\/product\/morsetto-professionale-prosciutto-intero\/"},"modified":"2024-07-26T11:50:07","modified_gmt":"2024-07-26T09:50:07","slug":"serre-jambon-professionel","status":"publish","type":"product","link":"https:\/\/security-prosciutto.publifarm.com\/fr\/product\/serre-jambon-professionel\/","title":{"rendered":"Serre-jambon professionel"},"content":{"rendered":"<p>Si vous n\u2019avez pas de trancheuse, ce serre-jambon est la solution id\u00e9ale pour couper un jambon entier non d\u00e9soss\u00e9 au couteau.<\/p>\n<p>Il s\u2019agit d\u2019un serre-jambon tr\u00e8s stable en fer forg\u00e9 avec un socle en bois de h\u00eatre.<\/p>\n","protected":false},"excerpt":{"rendered":"<p>Il s\u2019agit d\u2019un serre-jambon tr\u00e8s stable en fer forg\u00e9 avec un socle en bois de h\u00eatre.<\/p>\n","protected":false},"featured_media":4535,"template":"","meta":{"_acf_changed":false},"product_brand":[],"product_cat":[116],"product_tag":[],"class_list":{"0":"post-2207","1":"product","2":"type-product","3":"status-publish","4":"has-post-thumbnail","6":"product_cat-accessoires-du-charcutier","8":"first","9":"instock","10":"taxable","11":"shipping-taxable","12":"purchasable","13":"product-type-simple"},"acf":[],"yoast_head":"<!-- This site is optimized with the Yoast SEO plugin v27.0 - https:\/\/yoast.com\/product\/yoast-seo-wordpress\/ -->\n<title>Serre-jambon professionel - La Casa del Prosciutto<\/title>\n<meta name=\"robots\" content=\"noindex, follow, max-snippet:-1, max-image-preview:large, max-video-preview:-1\" \/>\n<meta property=\"og:locale\" content=\"fr_FR\" \/>\n<meta property=\"og:type\" content=\"article\" \/>\n<meta property=\"og:title\" content=\"Serre-jambon professionel - La Casa del Prosciutto\" \/>\n<meta property=\"og:description\" content=\"Il s\u2019agit d\u2019un serre-jambon tr\u00e8s stable en fer forg\u00e9 avec un socle en bois de h\u00eatre.\" \/>\n<meta property=\"og:url\" content=\"https:\/\/security-prosciutto.publifarm.com\/fr\/product\/serre-jambon-professionel\/\" \/>\n<meta property=\"og:site_name\" content=\"La Casa del Prosciutto\" \/>\n<meta property=\"article:modified_time\" content=\"2024-07-26T09:50:07+00:00\" \/>\n<meta property=\"og:image\" content=\"https:\/\/security-prosciutto.publifarm.com\/wp-content\/uploads\/2024\/07\/Morsetto-Professionale.jpg\" \/>\n\t<meta property=\"og:image:width\" content=\"1500\" \/>\n\t<meta property=\"og:image:height\" content=\"2250\" \/>\n\t<meta property=\"og:image:type\" content=\"image\/jpeg\" \/>\n<meta name=\"twitter:card\" content=\"summary_large_image\" \/>\n<script type=\"application\/ld+json\" class=\"yoast-schema-graph\">{\"@context\":\"https:\/\/schema.org\",\"@graph\":[{\"@type\":\"WebPage\",\"@id\":\"https:\/\/security-prosciutto.publifarm.com\/fr\/product\/serre-jambon-professionel\/\",\"url\":\"https:\/\/security-prosciutto.publifarm.com\/fr\/product\/serre-jambon-professionel\/\",\"name\":\"Serre-jambon professionel - La Casa del Prosciutto\",\"isPartOf\":{\"@id\":\"https:\/\/security-prosciutto.publifarm.com\/fr\/#website\"},\"primaryImageOfPage\":{\"@id\":\"https:\/\/security-prosciutto.publifarm.com\/fr\/product\/serre-jambon-professionel\/#primaryimage\"},\"image\":{\"@id\":\"https:\/\/security-prosciutto.publifarm.com\/fr\/product\/serre-jambon-professionel\/#primaryimage\"},\"thumbnailUrl\":\"https:\/\/security-prosciutto.publifarm.com\/wp-content\/uploads\/2024\/07\/Morsetto-Professionale.jpg\",\"datePublished\":\"2024-07-18T10:44:44+00:00\",\"dateModified\":\"2024-07-26T09:50:07+00:00\",\"breadcrumb\":{\"@id\":\"https:\/\/security-prosciutto.publifarm.com\/fr\/product\/serre-jambon-professionel\/#breadcrumb\"},\"inLanguage\":\"fr-FR\",\"potentialAction\":[{\"@type\":\"ReadAction\",\"target\":[\"https:\/\/security-prosciutto.publifarm.com\/fr\/product\/serre-jambon-professionel\/\"]}]},{\"@type\":\"ImageObject\",\"inLanguage\":\"fr-FR\",\"@id\":\"https:\/\/security-prosciutto.publifarm.com\/fr\/product\/serre-jambon-professionel\/#primaryimage\",\"url\":\"https:\/\/security-prosciutto.publifarm.com\/wp-content\/uploads\/2024\/07\/Morsetto-Professionale.jpg\",\"contentUrl\":\"https:\/\/security-prosciutto.publifarm.com\/wp-content\/uploads\/2024\/07\/Morsetto-Professionale.jpg\",\"width\":1500,\"height\":2250},{\"@type\":\"BreadcrumbList\",\"@id\":\"https:\/\/security-prosciutto.publifarm.com\/fr\/product\/serre-jambon-professionel\/#breadcrumb\",\"itemListElement\":[{\"@type\":\"ListItem\",\"position\":1,\"name\":\"Home\",\"item\":\"https:\/\/security-prosciutto.publifarm.com\/fr\/\"},{\"@type\":\"ListItem\",\"position\":2,\"name\":\"Shop\",\"item\":\"https:\/\/security-prosciutto.publifarm.com\/shop\/\"},{\"@type\":\"ListItem\",\"position\":3,\"name\":\"Serre-jambon professionel\"}]},{\"@type\":\"WebSite\",\"@id\":\"https:\/\/security-prosciutto.publifarm.com\/fr\/#website\",\"url\":\"https:\/\/security-prosciutto.publifarm.com\/fr\/\",\"name\":\"La Casa del Prosciutto\",\"description\":\"Alberti 1906\",\"potentialAction\":[{\"@type\":\"SearchAction\",\"target\":{\"@type\":\"EntryPoint\",\"urlTemplate\":\"https:\/\/security-prosciutto.publifarm.com\/fr\/?s={search_term_string}\"},\"query-input\":{\"@type\":\"PropertyValueSpecification\",\"valueRequired\":true,\"valueName\":\"search_term_string\"}}],\"inLanguage\":\"fr-FR\"}]}<\/script>\n<!-- \/ Yoast SEO plugin. -->","yoast_head_json":{"title":"Serre-jambon professionel - La Casa del Prosciutto","robots":{"index":"noindex","follow":"follow","max-snippet":"max-snippet:-1","max-image-preview":"max-image-preview:large","max-video-preview":"max-video-preview:-1"},"og_locale":"fr_FR","og_type":"article","og_title":"Serre-jambon professionel - La Casa del Prosciutto","og_description":"Il s\u2019agit d\u2019un serre-jambon tr\u00e8s stable en fer forg\u00e9 avec un socle en bois de h\u00eatre.","og_url":"https:\/\/security-prosciutto.publifarm.com\/fr\/product\/serre-jambon-professionel\/","og_site_name":"La Casa del Prosciutto","article_modified_time":"2024-07-26T09:50:07+00:00","og_image":[{"width":1500,"height":2250,"url":"https:\/\/security-prosciutto.publifarm.com\/wp-content\/uploads\/2024\/07\/Morsetto-Professionale.jpg","type":"image\/jpeg"}],"twitter_card":"summary_large_image","schema":{"@context":"https:\/\/schema.org","@graph":[{"@type":"WebPage","@id":"https:\/\/security-prosciutto.publifarm.com\/fr\/product\/serre-jambon-professionel\/","url":"https:\/\/security-prosciutto.publifarm.com\/fr\/product\/serre-jambon-professionel\/","name":"Serre-jambon professionel - La Casa del Prosciutto","isPartOf":{"@id":"https:\/\/security-prosciutto.publifarm.com\/fr\/#website"},"primaryImageOfPage":{"@id":"https:\/\/security-prosciutto.publifarm.com\/fr\/product\/serre-jambon-professionel\/#primaryimage"},"image":{"@id":"https:\/\/security-prosciutto.publifarm.com\/fr\/product\/serre-jambon-professionel\/#primaryimage"},"thumbnailUrl":"https:\/\/security-prosciutto.publifarm.com\/wp-content\/uploads\/2024\/07\/Morsetto-Professionale.jpg","datePublished":"2024-07-18T10:44:44+00:00","dateModified":"2024-07-26T09:50:07+00:00","breadcrumb":{"@id":"https:\/\/security-prosciutto.publifarm.com\/fr\/product\/serre-jambon-professionel\/#breadcrumb"},"inLanguage":"fr-FR","potentialAction":[{"@type":"ReadAction","target":["https:\/\/security-prosciutto.publifarm.com\/fr\/product\/serre-jambon-professionel\/"]}]},{"@type":"ImageObject","inLanguage":"fr-FR","@id":"https:\/\/security-prosciutto.publifarm.com\/fr\/product\/serre-jambon-professionel\/#primaryimage","url":"https:\/\/security-prosciutto.publifarm.com\/wp-content\/uploads\/2024\/07\/Morsetto-Professionale.jpg","contentUrl":"https:\/\/security-prosciutto.publifarm.com\/wp-content\/uploads\/2024\/07\/Morsetto-Professionale.jpg","width":1500,"height":2250},{"@type":"BreadcrumbList","@id":"https:\/\/security-prosciutto.publifarm.com\/fr\/product\/serre-jambon-professionel\/#breadcrumb","itemListElement":[{"@type":"ListItem","position":1,"name":"Home","item":"https:\/\/security-prosciutto.publifarm.com\/fr\/"},{"@type":"ListItem","position":2,"name":"Shop","item":"https:\/\/security-prosciutto.publifarm.com\/shop\/"},{"@type":"ListItem","position":3,"name":"Serre-jambon professionel"}]},{"@type":"WebSite","@id":"https:\/\/security-prosciutto.publifarm.com\/fr\/#website","url":"https:\/\/security-prosciutto.publifarm.com\/fr\/","name":"La Casa del Prosciutto","description":"Alberti 1906","potentialAction":[{"@type":"SearchAction","target":{"@type":"EntryPoint","urlTemplate":"https:\/\/security-prosciutto.publifarm.com\/fr\/?s={search_term_string}"},"query-input":{"@type":"PropertyValueSpecification","valueRequired":true,"valueName":"search_term_string"}}],"inLanguage":"fr-FR"}]}},"jetpack_sharing_enabled":true,"_links":{"self":[{"href":"https:\/\/security-prosciutto.publifarm.com\/fr\/wp-json\/wp\/v2\/product\/2207","targetHints":{"allow":["GET"]}}],"collection":[{"href":"https:\/\/security-prosciutto.publifarm.com\/fr\/wp-json\/wp\/v2\/product"}],"about":[{"href":"https:\/\/security-prosciutto.publifarm.com\/fr\/wp-json\/wp\/v2\/types\/product"}],"wp:featuredmedia":[{"embeddable":true,"href":"https:\/\/security-prosciutto.publifarm.com\/fr\/wp-json\/wp\/v2\/media\/4535"}],"wp:attachment":[{"href":"https:\/\/security-prosciutto.publifarm.com\/fr\/wp-json\/wp\/v2\/media?parent=2207"}],"wp:term":[{"taxonomy":"product_brand","embeddable":true,"href":"https:\/\/security-prosciutto.publifarm.com\/fr\/wp-json\/wp\/v2\/product_brand?post=2207"},{"taxonomy":"product_cat","embeddable":true,"href":"https:\/\/security-prosciutto.publifarm.com\/fr\/wp-json\/wp\/v2\/product_cat?post=2207"},{"taxonomy":"product_tag","embeddable":true,"href":"https:\/\/security-prosciutto.publifarm.com\/fr\/wp-json\/wp\/v2\/product_tag?post=2207"}],"curies":[{"name":"wp","href":"https:\/\/api.w.org\/{rel}","templated":true}]}}