{"id":1685,"date":"2024-06-21T11:28:02","date_gmt":"2024-06-21T09:28:02","guid":{"rendered":"http:\/\/localhost\/la-casa-del-prosciutto\/metodi-di-pagamento\/"},"modified":"2024-07-10T11:46:02","modified_gmt":"2024-07-10T09:46:02","slug":"modes-de-paiement","status":"publish","type":"page","link":"https:\/\/security-prosciutto.publifarm.com\/fr\/modes-de-paiement\/","title":{"rendered":"Modes de paiement"},"content":{"rendered":"\n<section class=\"wp-block-publifarm-columns page__content\"><div class=\"container\"><div class=\"row\">\n<div class=\"wp-block-publifarm-column col-12 col-md-12 col-lg-2\"><\/div>\n\n\n\n<div class=\"wp-block-publifarm-column col-12 col-md-12 col-lg\">\n<h1 class=\"wp-block-evidenzio-ev-title titolo_pb d-block h4 has-text-align-center page__title\">M\u00e9thodes de payment<\/h1>\n\n\n\n<p class=\"wp-block-evidenzio-ev-title titolo_pb d-block h4 has-text-align-left\">Le paiement des Produits achet\u00e9s sur le Site peut \u00eatre effectu\u00e9 selon les modalit\u00e9s de paiement d\u00e9crites dans les paragraphes suivants. Certaines m\u00e9thodes de paiement peuvent ne pas \u00eatre utilisables en raison du type de produit achet\u00e9 et\/ou de la modalit\u00e9 de livraison ou d&#8217;exp\u00e9dition.<\/p>\n\n\n\n<p><strong>9.1<\/strong> service Worldline, par cartes de cr\u00e9dit et autres moyens de paiement autoris\u00e9s;<\/p>\n\n\n\n<p><strong>9.1.1<\/strong> Les cartes de cr\u00e9dit accept\u00e9es sont, dans tous les cas, indiqu\u00e9es dans les liens du service Worldline. Le montant total d\u00fb par l&#8217;utilisateur \u00e0 ALBERTI S.r.l. est factur\u00e9 au moment de la transmission de la commande;<\/p>\n\n\n\n<p><strong>9.1.2<\/strong> ALBERTI S.r.l. utilise le service de paiement s\u00e9curis\u00e9 Worldline. Les donn\u00e9es confidentielles de la carte de cr\u00e9dit (num\u00e9ro de carte, titulaire, date d&#8217;expiration, code de s\u00e9curit\u00e9) seront t\u00e9l\u00e9charg\u00e9es sur le site du fournisseur de services de paiement. ALBERTI S.r.l. n&#8217;a donc jamais acc\u00e8s et ne stocke pas de donn\u00e9es sur les modalit\u00e9s de paiement utilis\u00e9es par l&#8217;utilisateur.<\/p>\n\n\n\n<p><strong>9.2<\/strong> Virement bancaire;<\/p>\n\n\n\n<p><strong>9.2.1<\/strong> Le paiement des produits achet\u00e9s sur le site peut \u00eatre effectu\u00e9 par virement bancaire. Les coordonn\u00e9es bancaires pour effectuer le virement seront indiqu\u00e9es sur la page \u00ab Paiements \u00bb accessible via le lien d\u00e9di\u00e9 et dans l&#8217;e-mail de confirmation de la commande;<\/p>\n\n\n\n<p><strong>9.2.2<\/strong> Le paiement des Produits par virement bancaire doit \u00eatre effectu\u00e9 au plus tard 7 jours calendaires \u00e0 compter de la date de la commande. Si ce d\u00e9lai n&#8217;est pas respect\u00e9, le contrat peut \u00eatre consid\u00e9r\u00e9 comme r\u00e9sili\u00e9 de plein droit et tout paiement \u00e9ventuellement parvenu en retard sera int\u00e9gralement rembours\u00e9. La r\u00e9siliation du contrat est notifi\u00e9e \u00e0 l&#8217;utilisateur par e-mail et le montant pay\u00e9 est rembours\u00e9 avec les m\u00eames modalit\u00e9s que celle pr\u00e9vue \u00e0 l&#8217;article 5.4, dans la mesure o\u00f9 cela est applicable;<\/p>\n\n\n\n<p><strong>9.2.3<\/strong> En cas de paiement par virement bancaire, les produits ne seront exp\u00e9di\u00e9s qu&#8217;apr\u00e8s que la somme correspondante a \u00e9t\u00e9 cr\u00e9dit\u00e9e \u00e0 la date convenue \u00e0 la banque de ALBERTI S.r.l. Par cons\u00e9quent, les d\u00e9lais de livraison des Produits sont calcul\u00e9s \u00e0 partir de cette date;<\/p>\n\n\n\n<p><strong>9.2.4<\/strong> Pour faciliter la correspondance entre le paiement re\u00e7u par virement bancaire et la commande pass\u00e9e, le client est invit\u00e9 \u00e0 indiquer le num\u00e9ro de commande dans le motif du virement bancaire.<\/p>\n<\/div>\n\n\n\n<div class=\"wp-block-publifarm-column col-12 col-md-12 col-lg-2\"><\/div>\n<\/div><\/div><\/section>\n","protected":false},"excerpt":{"rendered":"","protected":false},"author":1,"featured_media":0,"parent":0,"menu_order":0,"comment_status":"closed","ping_status":"closed","template":"","meta":{"_acf_changed":false,"footnotes":""},"class_list":["post-1685","page","type-page","status-publish","hentry"],"acf":[],"yoast_head":"<!-- This site is optimized with the Yoast SEO plugin v27.0 - https:\/\/yoast.com\/product\/yoast-seo-wordpress\/ -->\n<title>Modes de paiement - La Casa del Prosciutto<\/title>\n<meta name=\"robots\" content=\"noindex, follow, max-snippet:-1, max-image-preview:large, max-video-preview:-1\" \/>\n<meta property=\"og:locale\" content=\"fr_FR\" \/>\n<meta property=\"og:type\" content=\"article\" \/>\n<meta property=\"og:title\" content=\"Modes de paiement - La Casa del Prosciutto\" \/>\n<meta property=\"og:url\" content=\"https:\/\/security-prosciutto.publifarm.com\/fr\/modes-de-paiement\/\" \/>\n<meta property=\"og:site_name\" content=\"La Casa del Prosciutto\" \/>\n<meta property=\"article:modified_time\" content=\"2024-07-10T09:46:02+00:00\" \/>\n<meta name=\"twitter:card\" content=\"summary_large_image\" \/>\n<meta name=\"twitter:label1\" content=\"Est. reading time\" \/>\n\t<meta name=\"twitter:data1\" content=\"2 minutes\" \/>\n<script type=\"application\/ld+json\" class=\"yoast-schema-graph\">{\"@context\":\"https:\/\/schema.org\",\"@graph\":[{\"@type\":\"WebPage\",\"@id\":\"https:\/\/security-prosciutto.publifarm.com\/fr\/modes-de-paiement\/\",\"url\":\"https:\/\/security-prosciutto.publifarm.com\/fr\/modes-de-paiement\/\",\"name\":\"Modes de paiement - La Casa del Prosciutto\",\"isPartOf\":{\"@id\":\"https:\/\/security-prosciutto.publifarm.com\/fr\/#website\"},\"datePublished\":\"2024-06-21T09:28:02+00:00\",\"dateModified\":\"2024-07-10T09:46:02+00:00\",\"breadcrumb\":{\"@id\":\"https:\/\/security-prosciutto.publifarm.com\/fr\/modes-de-paiement\/#breadcrumb\"},\"inLanguage\":\"fr-FR\",\"potentialAction\":[{\"@type\":\"ReadAction\",\"target\":[\"https:\/\/security-prosciutto.publifarm.com\/fr\/modes-de-paiement\/\"]}]},{\"@type\":\"BreadcrumbList\",\"@id\":\"https:\/\/security-prosciutto.publifarm.com\/fr\/modes-de-paiement\/#breadcrumb\",\"itemListElement\":[{\"@type\":\"ListItem\",\"position\":1,\"name\":\"Home\",\"item\":\"https:\/\/security-prosciutto.publifarm.com\/fr\/\"},{\"@type\":\"ListItem\",\"position\":2,\"name\":\"Modes de paiement\"}]},{\"@type\":\"WebSite\",\"@id\":\"https:\/\/security-prosciutto.publifarm.com\/fr\/#website\",\"url\":\"https:\/\/security-prosciutto.publifarm.com\/fr\/\",\"name\":\"La Casa del Prosciutto\",\"description\":\"Alberti 1906\",\"potentialAction\":[{\"@type\":\"SearchAction\",\"target\":{\"@type\":\"EntryPoint\",\"urlTemplate\":\"https:\/\/security-prosciutto.publifarm.com\/fr\/?s={search_term_string}\"},\"query-input\":{\"@type\":\"PropertyValueSpecification\",\"valueRequired\":true,\"valueName\":\"search_term_string\"}}],\"inLanguage\":\"fr-FR\"}]}<\/script>\n<!-- \/ Yoast SEO plugin. -->","yoast_head_json":{"title":"Modes de paiement - La Casa del Prosciutto","robots":{"index":"noindex","follow":"follow","max-snippet":"max-snippet:-1","max-image-preview":"max-image-preview:large","max-video-preview":"max-video-preview:-1"},"og_locale":"fr_FR","og_type":"article","og_title":"Modes de paiement - La Casa del Prosciutto","og_url":"https:\/\/security-prosciutto.publifarm.com\/fr\/modes-de-paiement\/","og_site_name":"La Casa del Prosciutto","article_modified_time":"2024-07-10T09:46:02+00:00","twitter_card":"summary_large_image","twitter_misc":{"Est. reading time":"2 minutes"},"schema":{"@context":"https:\/\/schema.org","@graph":[{"@type":"WebPage","@id":"https:\/\/security-prosciutto.publifarm.com\/fr\/modes-de-paiement\/","url":"https:\/\/security-prosciutto.publifarm.com\/fr\/modes-de-paiement\/","name":"Modes de paiement - La Casa del Prosciutto","isPartOf":{"@id":"https:\/\/security-prosciutto.publifarm.com\/fr\/#website"},"datePublished":"2024-06-21T09:28:02+00:00","dateModified":"2024-07-10T09:46:02+00:00","breadcrumb":{"@id":"https:\/\/security-prosciutto.publifarm.com\/fr\/modes-de-paiement\/#breadcrumb"},"inLanguage":"fr-FR","potentialAction":[{"@type":"ReadAction","target":["https:\/\/security-prosciutto.publifarm.com\/fr\/modes-de-paiement\/"]}]},{"@type":"BreadcrumbList","@id":"https:\/\/security-prosciutto.publifarm.com\/fr\/modes-de-paiement\/#breadcrumb","itemListElement":[{"@type":"ListItem","position":1,"name":"Home","item":"https:\/\/security-prosciutto.publifarm.com\/fr\/"},{"@type":"ListItem","position":2,"name":"Modes de paiement"}]},{"@type":"WebSite","@id":"https:\/\/security-prosciutto.publifarm.com\/fr\/#website","url":"https:\/\/security-prosciutto.publifarm.com\/fr\/","name":"La Casa del Prosciutto","description":"Alberti 1906","potentialAction":[{"@type":"SearchAction","target":{"@type":"EntryPoint","urlTemplate":"https:\/\/security-prosciutto.publifarm.com\/fr\/?s={search_term_string}"},"query-input":{"@type":"PropertyValueSpecification","valueRequired":true,"valueName":"search_term_string"}}],"inLanguage":"fr-FR"}]}},"jetpack_sharing_enabled":true,"_links":{"self":[{"href":"https:\/\/security-prosciutto.publifarm.com\/fr\/wp-json\/wp\/v2\/pages\/1685","targetHints":{"allow":["GET"]}}],"collection":[{"href":"https:\/\/security-prosciutto.publifarm.com\/fr\/wp-json\/wp\/v2\/pages"}],"about":[{"href":"https:\/\/security-prosciutto.publifarm.com\/fr\/wp-json\/wp\/v2\/types\/page"}],"author":[{"embeddable":true,"href":"https:\/\/security-prosciutto.publifarm.com\/fr\/wp-json\/wp\/v2\/users\/1"}],"replies":[{"embeddable":true,"href":"https:\/\/security-prosciutto.publifarm.com\/fr\/wp-json\/wp\/v2\/comments?post=1685"}],"version-history":[{"count":0,"href":"https:\/\/security-prosciutto.publifarm.com\/fr\/wp-json\/wp\/v2\/pages\/1685\/revisions"}],"wp:attachment":[{"href":"https:\/\/security-prosciutto.publifarm.com\/fr\/wp-json\/wp\/v2\/media?parent=1685"}],"curies":[{"name":"wp","href":"https:\/\/api.w.org\/{rel}","templated":true}]}}