{"id":1676,"date":"2024-04-22T09:51:29","date_gmt":"2024-04-22T07:51:29","guid":{"rendered":"http:\/\/localhost\/la-casa-del-prosciutto\/privacy-policy\/"},"modified":"2024-09-04T09:46:27","modified_gmt":"2024-09-04T07:46:27","slug":"politique-de-confidentialite","status":"publish","type":"page","link":"https:\/\/security-prosciutto.publifarm.com\/fr\/politique-de-confidentialite\/","title":{"rendered":"Politique de Confidentialit\u00e9"},"content":{"rendered":"\n<section class=\"wp-block-publifarm-columns page__content privacy__section\"><div class=\"container\"><div class=\"row\">\n<div class=\"wp-block-publifarm-column col-12 col-md-12 col-lg-2\"><\/div>\n\n\n\n<div class=\"wp-block-publifarm-column col-12 col-md-12 col-lg\">\n<h1 class=\"wp-block-evidenzio-ev-title titolo_pb d-block h4 has-text-align-undefined\">Politique E-Commerce<\/h1>\n\n\n\n<p>Cette page pr\u00e9sente la mani\u00e8re dont ce site web est g\u00e9r\u00e9 en ce qui concerne le traitement des donn\u00e9es personnelles des utilisateurs qui le consultent. Le traitement des donn\u00e9es est effectu\u00e9 dans le respect des crit\u00e8res \u00e9nonc\u00e9s dans le R\u00e8glement europ\u00e9en sur la protection des donn\u00e9es, R\u00e9g. 2016\/679\/EU, et de toute autre l\u00e9gislation nationale, mesure ou autorisation des autorit\u00e9s comp\u00e9tentes y aff\u00e9rente. Conform\u00e9ment \u00e0 la l\u00e9gislation susmentionn\u00e9e, le traitement doit \u00eatre fond\u00e9 sur les principes de loyaut\u00e9, de lic\u00e9it\u00e9 et de transparence, de m\u00eame que sur la protection de votre vie priv\u00e9e et de vos droits.<\/p>\n\n\n\n<p>Les informations transmises sont sp\u00e9cifiquement li\u00e9es au traitement des donn\u00e9es personnelles dans le cadre du service e-commerce des produits vendus par le responsable du traitement.<\/p>\n\n\n\n<p class=\"wp-block-evidenzio-ev-title titolo_pb d-block h2 has-text-align-undefined\"><strong>LE RESPONSABLE DU TRAITEMENT<\/strong><\/p>\n\n\n\n<p>Suite \u00e0 la consultation de ce site, il est possible que des donn\u00e9es relatives \u00e0 des personnes identifi\u00e9es ou identifiables soient trait\u00e9es. <strong>Le responsable du traitement des donn\u00e9es est Alberti S.r.l. s.u.<\/strong>, en la personne de son repr\u00e9sentant l\u00e9gal pro tempore, dont le si\u00e8ge social est situ\u00e9 Via Teobaldo Ciconi, 30 \u2013 33038 San Daniele del Friuli (UD), t\u00e9l. 0432957422 e-mail: <a href=\"mailto:info@lacasadelprosciutto.com\">info@lacasadelprosciutto.com<\/a>.<\/p>\n\n\n\n<p class=\"wp-block-evidenzio-ev-title titolo_pb d-block h2 has-text-align-undefined\"><strong>LIEU DE TRAITEMENT DES DONN\u00c9ES et COMMUNICATION<\/strong><\/p>\n\n\n\n<p>Les traitements li\u00e9s au service de commerce \u00e9lectronique pour l&#8217;achat de produits et le traitement des donn\u00e9es pour la gestion des commandes ont lieu dans les locaux de la soci\u00e9t\u00e9 susmentionn\u00e9e et sont effectu\u00e9s par le personnel de la soci\u00e9t\u00e9. Les donn\u00e9es de paiement sont g\u00e9r\u00e9es en sous-traitance par un responsable du traitement d\u00fbment d\u00e9sign\u00e9 conform\u00e9ment \u00e0 l&#8217;art. 28 Reg. 2016\/679\/U.E. dont la prestation a \u00e9t\u00e9 examin\u00e9e dans le cadre de l&#8217;analyse d&#8217;impact \u00e9labor\u00e9e pour le service de e-commerce.<\/p>\n\n\n\n<p>Il n&#8217;existe aucun autre domaine de communication en-dehors de celles identifi\u00e9es ; les donn\u00e9es collect\u00e9es ne sont pas diffus\u00e9es.<\/p>\n\n\n\n<p class=\"wp-block-evidenzio-ev-title titolo_pb d-block h2 has-text-align-undefined\"><strong>FINALIT\u00c9 ET BASE JURIDIQUE DU TRAITEMENT<\/strong><\/p>\n\n\n\n<p>Les donn\u00e9es personnelles collect\u00e9es sont n\u00e9cessaires aux fins suivantes<\/p>\n\n\n\n<p>a)&nbsp;Demande d&#8217;achat de produits, traitement de la commande, pr\u00e9paration des marchandises et exp\u00e9dition \u00e0 l&#8217;adresse s\u00e9lectionn\u00e9e;<\/p>\n\n\n\n<p>b)&nbsp;Gestion des modalit\u00e9s de paiement du produit ;<\/p>\n\n\n\n<p>c)&nbsp;Gestion des aspects comptables et fiscaux li\u00e9s au contrat principal;<\/p>\n\n\n\n<p>d)&nbsp;Gestion des demandes de retour ou des litiges \u00e9ventuels;<\/p>\n\n\n\n<p>e)&nbsp;Service de r\u00e9servation et de d\u00e9gustation de produits dans les locaux du responsable du traitement des donn\u00e9es.<\/p>\n\n\n\n<p>Les donn\u00e9es de contact personnelles peuvent \u00eatre utilis\u00e9es par le responsable du traitement des donn\u00e9es pour :<\/p>\n\n\n\n<p>f)&nbsp;Aux fins de contacter le responsable du traitement des donn\u00e9es pour des demandes \u00e9crites sp\u00e9cifiques;<\/p>\n\n\n\n<p>g)&nbsp;\u00e0 des fins de marketing.<\/p>\n\n\n\n<p>Le service e-commerce est fonctionnel aux fins \u00e9nonc\u00e9es aux points (a), (b), (c) et \u00e0 des fins de marketing. Les autres finalit\u00e9s sont accessoires et ne sont pas directement g\u00e9r\u00e9es par le service e-commerce.<\/p>\n\n\n\n<p>Les bases l\u00e9gales du traitement figurent \u00e0 l&#8217;article 6.1.b) \u00ab ex\u00e9cution d&#8217;un contrat auquel la personne concern\u00e9e est partie \u00bb, alin\u00e9a f \u00ab int\u00e9r\u00eat l\u00e9gitime du responsable du traitement \u00bb.<\/p>\n\n\n\n<p class=\"wp-block-evidenzio-ev-title titolo_pb d-block h2 has-text-align-undefined\"><strong>TYPES DE DONN\u00c9ES TRAIT\u00c9ES<\/strong><\/p>\n\n\n\n<p><strong>Donn\u00e9es de navigation<\/strong><\/p>\n\n\n\n<p>Les syst\u00e8mes informatiques et les proc\u00e9dures logicielles utilis\u00e9s pour faire fonctionner ce site web acqui\u00e8rent, au cours de leur fonctionnement normal, certaines donn\u00e9es personnelles dont la transmission est implicite dans l&#8217;utilisation des protocoles de communication Internet.<\/p>\n\n\n\n<p>Bien que ces informations ne soient pas collect\u00e9es dans le but d&#8217;\u00eatre associ\u00e9es \u00e0 des personnes identifi\u00e9es, de par leur nature m\u00eame, elles pourraient, \u00e0 travers leur traitement et leur association avec des donn\u00e9es d\u00e9tenues par des tiers, permettre d&#8217;identifier les utilisateurs.<\/p>\n\n\n\n<p>Cette cat\u00e9gorie de donn\u00e9es comprend les adresses IP ou les noms de domaine des ordinateurs utilis\u00e9s par les utilisateurs qui se connectent au site, les adresses de notation URI (Uniform Resource Identifier) des ressources demand\u00e9es, l&#8217;heure de la demande, la m\u00e9thode utilis\u00e9e pour soumettre la demande au serveur, la taille du fichier obtenu en r\u00e9ponse, le code num\u00e9rique indiquant l&#8217;\u00e9tat de la r\u00e9ponse donn\u00e9e par le serveur (succ\u00e8s, erreur, etc.) et d&#8217;autres param\u00e8tres relatifs au syst\u00e8me d&#8217;exploitation et \u00e0 l&#8217;environnement informatique de l&#8217;utilisateur.<\/p>\n\n\n\n<p>Ces donn\u00e9es sont utilis\u00e9es dans le seul but d&#8217;obtenir des informations statistiques anonymes sur l&#8217;utilisation du site et de v\u00e9rifier son bon fonctionnement. Ces donn\u00e9es pourraient \u00eatre utilis\u00e9es pour d\u00e9terminer les responsabilit\u00e9s en cas d&#8217;hypoth\u00e9tiques d\u00e9lits informatiques commis contre le site. Pour ces donn\u00e9es, limit\u00e9es \u00e0 la finalit\u00e9 susmentionn\u00e9e, aucun consentement n&#8217;est requis.<\/p>\n\n\n\n<p><strong>Donn\u00e9es fournies volontairement par l&#8217;utilisateur<\/strong><\/p>\n\n\n\n<p>Le service e-commerce est structur\u00e9 pour collecter les donn\u00e9es n\u00e9cessaires \u00e0 la pr\u00e9paration de la commande et \u00e0 l&#8217;exp\u00e9dition du produit demand\u00e9. Tous les champs requis sont indispensables ; en effet, si leur saisie est facultative, un refus rendra impossible la r\u00e9alisation de l&#8217;achat. L&#8217;activit\u00e9 de marketing est soumise \u00e0 votre consentement explicite ; en cas de refus, le responsable du traitement ne peut pas effectuer l&#8217;activit\u00e9 concern\u00e9e.<\/p>\n\n\n\n<p><strong>Cookies<\/strong><\/p>\n\n\n\n<p>La politique de cookies du site est r\u00e9glement\u00e9e et d\u00e9crite dans la <a href=\"https:\/\/security-prosciutto.publifarm.com\/fr\/cookie-policy\/\">politique de cookies<\/a> sp\u00e9cifique du site web auquel le service e-commerce est li\u00e9.<\/p>\n\n\n\n<p class=\"wp-block-evidenzio-ev-title titolo_pb d-block h2 has-text-align-undefined\"><strong>MODALIT\u00c9S DE TRAITEMENT<\/strong><\/p>\n\n\n\n<p>Les donn\u00e9es \u00e0 caract\u00e8re personnel sont trait\u00e9es par le responsable du traitement et par des sous-traitants d\u00fbment mandat\u00e9s aux fins de la correcte ex\u00e9cution des objectifs d\u00e9clar\u00e9s au moyen d&#8217;instruments \u00e9lectroniques et de fichiers papier, recourant \u00e9galement \u00e0 des mesures de s\u00e9curit\u00e9 destin\u00e9es \u00e0 garantir la confidentialit\u00e9 des donn\u00e9es \u00e0 caract\u00e8re personnel et \u00e0 emp\u00eacher tout acc\u00e8s non autoris\u00e9. Le responsable du traitement des donn\u00e9es n&#8217;utilise pas de processus automatis\u00e9s, y compris le profilage, pour atteindre les objectifs \u00e9nonc\u00e9s dans la pr\u00e9sente politique.<\/p>\n\n\n\n<p class=\"wp-block-evidenzio-ev-title titolo_pb d-block h2 has-text-align-undefined\"><strong>TERMES DE TRAITEMENT<\/strong><\/p>\n\n\n\n<p>Le Responsable du traitement traitera les donn\u00e9es personnelles pendant le temps n\u00e9cessaire \u00e0 la r\u00e9alisation des objectifs susmentionn\u00e9s et, en tout \u00e9tat de cause, pendant une dur\u00e9e maximale de 2 ans \u00e0 compter de l&#8217;acquisition des donn\u00e9es aux fins de traitement suite \u00e0 consentement pour des activit\u00e9s de marketing.<\/p>\n\n\n\n<p class=\"wp-block-evidenzio-ev-title titolo_pb d-block h2 has-text-align-undefined\"><strong>TRANSFERT DE DONN\u00c9ES EXTRA-U.E.<\/strong><\/p>\n\n\n\n<p>Le responsable du traitement n&#8217;effectue pas de transfert direct de donn\u00e9es en dehors de l&#8217;UE ; le transfert \u00e9ventuel de donn\u00e9es par des sous-traitants a \u00e9t\u00e9 analys\u00e9 dans l&#8217;analyse d&#8217;impact \u00e9tablie conform\u00e9ment \u00e0 l&#8217;art. 35 RGDP.<\/p>\n\n\n\n<p class=\"wp-block-evidenzio-ev-title titolo_pb d-block h2 has-text-align-undefined\"><strong>DROITS DES PARTIES INT\u00c9RESS\u00c9ES<\/strong><\/p>\n\n\n\n<p>Conform\u00e9ment aux articles 15 &#8211; 22 du RGPD, la personne int\u00e9ress\u00e9e a le droit de demander au responsable du traitement l&#8217;acc\u00e8s \u00e0 ses donn\u00e9es personnelles ou leur rectification ou leur effacement ou la limitation du traitement de ses donn\u00e9es personnelles, ou le droit de s&#8217;opposer \u00e0 leur traitement, ainsi que le droit de demander la portabilit\u00e9 des donn\u00e9es.<\/p>\n\n\n\n<p>La demande peut \u00eatre faite par courrier \u00e9lectronique ou par fax ou par courrier recommand\u00e9 avec pour objet : \u00ab demande de la personne concern\u00e9e \u00bb en pr\u00e9cisant le droit que la personne int\u00e9ress\u00e9e souhaite exercer (annulation, rectification, portabilit\u00e9, oubli), ainsi qu&#8217;une adresse e-mail\/pec (courrier \u00e9lectronique certifi\u00e9) valide \u00e0 laquelle la r\u00e9ponse doit \u00eatre envoy\u00e9e.<\/p>\n\n\n\n<p>Le responsable du traitement des donn\u00e9es ou la personne d\u00e9l\u00e9gu\u00e9e par celui-ci donnera suite \u00e0 la demande dans les 30 jours suivant sa r\u00e9ception. En cas de r\u00e9ponse complexe, le d\u00e9lai peut \u00eatre prolong\u00e9 de 30 jours suppl\u00e9mentaires, sous r\u00e9serve d&#8217;en informer la personne int\u00e9ress\u00e9e en temps utile.<\/p>\n\n\n\n<p>Si vous estimez opportun de faire valoir vos droits, vous avez la facult\u00e9 de d\u00e9poser une plainte aupr\u00e8s de l&#8217;autorit\u00e9 de contr\u00f4le comp\u00e9tente, qui correspond au <strong>garant national de la confidentialit\u00e9<\/strong>, dont le si\u00e8ge est situ\u00e9 Piazza Venezia, 11 &#8211; 00187 Rome, <a href=\"mailto:garante@gpdp.it\">garante@gpdp.it<\/a>.<\/p>\n\n\n\n<p class=\"has-text-align-right\">Date de mise \u00e0 jour, 01\/08\/2024<\/p>\n<\/div>\n\n\n\n<div class=\"wp-block-publifarm-column col-12 col-md-12 col-lg-2\"><\/div>\n<\/div><\/div><\/section>\n","protected":false},"excerpt":{"rendered":"","protected":false},"author":1,"featured_media":0,"parent":0,"menu_order":0,"comment_status":"closed","ping_status":"closed","template":"","meta":{"_acf_changed":false,"footnotes":""},"class_list":["post-1676","page","type-page","status-publish","hentry"],"acf":[],"yoast_head":"<!-- This site is optimized with the Yoast SEO plugin v27.0 - https:\/\/yoast.com\/product\/yoast-seo-wordpress\/ -->\n<title>Politique de Confidentialit\u00e9 - La Casa del Prosciutto<\/title>\n<meta name=\"robots\" content=\"noindex, follow, max-snippet:-1, max-image-preview:large, max-video-preview:-1\" \/>\n<meta property=\"og:locale\" content=\"fr_FR\" \/>\n<meta property=\"og:type\" content=\"article\" \/>\n<meta property=\"og:title\" content=\"Politique de Confidentialit\u00e9 - La Casa del Prosciutto\" \/>\n<meta property=\"og:url\" content=\"https:\/\/security-prosciutto.publifarm.com\/fr\/politique-de-confidentialite\/\" \/>\n<meta property=\"og:site_name\" content=\"La Casa del Prosciutto\" \/>\n<meta property=\"article:modified_time\" content=\"2024-09-04T07:46:27+00:00\" \/>\n<meta name=\"twitter:card\" content=\"summary_large_image\" \/>\n<meta name=\"twitter:label1\" content=\"Est. reading time\" \/>\n\t<meta name=\"twitter:data1\" content=\"7 minutes\" \/>\n<script type=\"application\/ld+json\" class=\"yoast-schema-graph\">{\"@context\":\"https:\/\/schema.org\",\"@graph\":[{\"@type\":\"WebPage\",\"@id\":\"https:\/\/security-prosciutto.publifarm.com\/fr\/politique-de-confidentialite\/\",\"url\":\"https:\/\/security-prosciutto.publifarm.com\/fr\/politique-de-confidentialite\/\",\"name\":\"Politique de Confidentialit\u00e9 - La Casa del Prosciutto\",\"isPartOf\":{\"@id\":\"https:\/\/security-prosciutto.publifarm.com\/fr\/#website\"},\"datePublished\":\"2024-04-22T07:51:29+00:00\",\"dateModified\":\"2024-09-04T07:46:27+00:00\",\"breadcrumb\":{\"@id\":\"https:\/\/security-prosciutto.publifarm.com\/fr\/politique-de-confidentialite\/#breadcrumb\"},\"inLanguage\":\"fr-FR\",\"potentialAction\":[{\"@type\":\"ReadAction\",\"target\":[\"https:\/\/security-prosciutto.publifarm.com\/fr\/politique-de-confidentialite\/\"]}]},{\"@type\":\"BreadcrumbList\",\"@id\":\"https:\/\/security-prosciutto.publifarm.com\/fr\/politique-de-confidentialite\/#breadcrumb\",\"itemListElement\":[{\"@type\":\"ListItem\",\"position\":1,\"name\":\"Home\",\"item\":\"https:\/\/security-prosciutto.publifarm.com\/fr\/\"},{\"@type\":\"ListItem\",\"position\":2,\"name\":\"Politique de Confidentialit\u00e9\"}]},{\"@type\":\"WebSite\",\"@id\":\"https:\/\/security-prosciutto.publifarm.com\/fr\/#website\",\"url\":\"https:\/\/security-prosciutto.publifarm.com\/fr\/\",\"name\":\"La Casa del Prosciutto\",\"description\":\"Alberti 1906\",\"potentialAction\":[{\"@type\":\"SearchAction\",\"target\":{\"@type\":\"EntryPoint\",\"urlTemplate\":\"https:\/\/security-prosciutto.publifarm.com\/fr\/?s={search_term_string}\"},\"query-input\":{\"@type\":\"PropertyValueSpecification\",\"valueRequired\":true,\"valueName\":\"search_term_string\"}}],\"inLanguage\":\"fr-FR\"}]}<\/script>\n<!-- \/ Yoast SEO plugin. -->","yoast_head_json":{"title":"Politique de Confidentialit\u00e9 - La Casa del Prosciutto","robots":{"index":"noindex","follow":"follow","max-snippet":"max-snippet:-1","max-image-preview":"max-image-preview:large","max-video-preview":"max-video-preview:-1"},"og_locale":"fr_FR","og_type":"article","og_title":"Politique de Confidentialit\u00e9 - La Casa del Prosciutto","og_url":"https:\/\/security-prosciutto.publifarm.com\/fr\/politique-de-confidentialite\/","og_site_name":"La Casa del Prosciutto","article_modified_time":"2024-09-04T07:46:27+00:00","twitter_card":"summary_large_image","twitter_misc":{"Est. reading time":"7 minutes"},"schema":{"@context":"https:\/\/schema.org","@graph":[{"@type":"WebPage","@id":"https:\/\/security-prosciutto.publifarm.com\/fr\/politique-de-confidentialite\/","url":"https:\/\/security-prosciutto.publifarm.com\/fr\/politique-de-confidentialite\/","name":"Politique de Confidentialit\u00e9 - La Casa del Prosciutto","isPartOf":{"@id":"https:\/\/security-prosciutto.publifarm.com\/fr\/#website"},"datePublished":"2024-04-22T07:51:29+00:00","dateModified":"2024-09-04T07:46:27+00:00","breadcrumb":{"@id":"https:\/\/security-prosciutto.publifarm.com\/fr\/politique-de-confidentialite\/#breadcrumb"},"inLanguage":"fr-FR","potentialAction":[{"@type":"ReadAction","target":["https:\/\/security-prosciutto.publifarm.com\/fr\/politique-de-confidentialite\/"]}]},{"@type":"BreadcrumbList","@id":"https:\/\/security-prosciutto.publifarm.com\/fr\/politique-de-confidentialite\/#breadcrumb","itemListElement":[{"@type":"ListItem","position":1,"name":"Home","item":"https:\/\/security-prosciutto.publifarm.com\/fr\/"},{"@type":"ListItem","position":2,"name":"Politique de Confidentialit\u00e9"}]},{"@type":"WebSite","@id":"https:\/\/security-prosciutto.publifarm.com\/fr\/#website","url":"https:\/\/security-prosciutto.publifarm.com\/fr\/","name":"La Casa del Prosciutto","description":"Alberti 1906","potentialAction":[{"@type":"SearchAction","target":{"@type":"EntryPoint","urlTemplate":"https:\/\/security-prosciutto.publifarm.com\/fr\/?s={search_term_string}"},"query-input":{"@type":"PropertyValueSpecification","valueRequired":true,"valueName":"search_term_string"}}],"inLanguage":"fr-FR"}]}},"jetpack_sharing_enabled":true,"_links":{"self":[{"href":"https:\/\/security-prosciutto.publifarm.com\/fr\/wp-json\/wp\/v2\/pages\/1676","targetHints":{"allow":["GET"]}}],"collection":[{"href":"https:\/\/security-prosciutto.publifarm.com\/fr\/wp-json\/wp\/v2\/pages"}],"about":[{"href":"https:\/\/security-prosciutto.publifarm.com\/fr\/wp-json\/wp\/v2\/types\/page"}],"author":[{"embeddable":true,"href":"https:\/\/security-prosciutto.publifarm.com\/fr\/wp-json\/wp\/v2\/users\/1"}],"replies":[{"embeddable":true,"href":"https:\/\/security-prosciutto.publifarm.com\/fr\/wp-json\/wp\/v2\/comments?post=1676"}],"version-history":[{"count":7,"href":"https:\/\/security-prosciutto.publifarm.com\/fr\/wp-json\/wp\/v2\/pages\/1676\/revisions"}],"predecessor-version":[{"id":5159,"href":"https:\/\/security-prosciutto.publifarm.com\/fr\/wp-json\/wp\/v2\/pages\/1676\/revisions\/5159"}],"wp:attachment":[{"href":"https:\/\/security-prosciutto.publifarm.com\/fr\/wp-json\/wp\/v2\/media?parent=1676"}],"curies":[{"name":"wp","href":"https:\/\/api.w.org\/{rel}","templated":true}]}}