{"id":4322,"date":"2022-03-02T17:11:21","date_gmt":"2022-03-02T16:11:21","guid":{"rendered":"http:\/\/localhost\/la-casa-del-prosciutto\/product\/giardiniera-2\/"},"modified":"2024-09-27T10:45:42","modified_gmt":"2024-09-27T08:45:42","slug":"giardiniera","status":"publish","type":"product","link":"https:\/\/security-prosciutto.publifarm.com\/de\/product\/giardiniera\/","title":{"rendered":"Giardiniera"},"content":{"rendered":"<h3>Zutaten<\/h3>\n<p>Paprika, Zwiebeln, Sellerie, Kohl, Karotten, gr\u00fcne Bohnen, Sonnenblumen\u00f6l, natives Oliven\u00f6l , Weinessig (Essig enth\u00e4lt Sulfite), Zucker, Salz.<\/p>\n<h3>Konservierungsmethoden<\/h3>\n<p>An einem k\u00fchlen, trockenen Ort aufbewahren. Nach dem \u00d6ffnen im K\u00fchlschrank aufbewahren.<\/p>\n<h3>Haltbarkeit<\/h3>\n<p>Geschlossen: 18 Monate bei Raumtemperatur<br \/>\nNach dem \u00d6ffnen: 8\u201310 Tage im K\u00fchlschrank<\/p>\n","protected":false},"excerpt":{"rendered":"<p><span style=\"font-weight: 400;\">Giardiniera della Mamma ist die perfekte Beilage zum Alberti-Schinken.<\/span><\/p>\n","protected":false},"featured_media":4420,"template":"","meta":{"_acf_changed":false},"product_brand":[],"product_cat":[109],"product_tag":[],"class_list":{"0":"post-4322","1":"product","2":"type-product","3":"status-publish","4":"has-post-thumbnail","6":"product_cat-andere-spezialitaeten","8":"first","9":"instock","10":"taxable","11":"shipping-taxable","12":"purchasable","13":"product-type-simple"},"acf":[],"yoast_head":"<!-- This site is optimized with the Yoast SEO plugin v27.0 - https:\/\/yoast.com\/product\/yoast-seo-wordpress\/ -->\n<title>Giardiniera - La Casa del Prosciutto<\/title>\n<meta name=\"robots\" content=\"noindex, follow, max-snippet:-1, max-image-preview:large, max-video-preview:-1\" \/>\n<meta property=\"og:locale\" content=\"de_DE\" \/>\n<meta property=\"og:type\" content=\"article\" \/>\n<meta property=\"og:title\" content=\"Giardiniera - La Casa del Prosciutto\" \/>\n<meta property=\"og:description\" content=\"Giardiniera della Mamma ist die perfekte Beilage zum Alberti-Schinken.\" \/>\n<meta property=\"og:url\" content=\"https:\/\/security-prosciutto.publifarm.com\/de\/product\/giardiniera\/\" \/>\n<meta property=\"og:site_name\" content=\"La Casa del Prosciutto\" \/>\n<meta property=\"article:modified_time\" content=\"2024-09-27T08:45:42+00:00\" \/>\n<meta property=\"og:image\" content=\"https:\/\/security-prosciutto.publifarm.com\/wp-content\/uploads\/2024\/07\/Giardiniera.jpg\" \/>\n\t<meta property=\"og:image:width\" content=\"1500\" \/>\n\t<meta property=\"og:image:height\" content=\"2250\" \/>\n\t<meta property=\"og:image:type\" content=\"image\/jpeg\" \/>\n<meta name=\"twitter:card\" content=\"summary_large_image\" \/>\n<meta name=\"twitter:label1\" content=\"Est. reading time\" \/>\n\t<meta name=\"twitter:data1\" content=\"1 minute\" \/>\n<script type=\"application\/ld+json\" class=\"yoast-schema-graph\">{\"@context\":\"https:\/\/schema.org\",\"@graph\":[{\"@type\":\"WebPage\",\"@id\":\"https:\/\/security-prosciutto.publifarm.com\/de\/product\/giardiniera\/\",\"url\":\"https:\/\/security-prosciutto.publifarm.com\/de\/product\/giardiniera\/\",\"name\":\"Giardiniera - La Casa del Prosciutto\",\"isPartOf\":{\"@id\":\"https:\/\/security-prosciutto.publifarm.com\/de\/#website\"},\"primaryImageOfPage\":{\"@id\":\"https:\/\/security-prosciutto.publifarm.com\/de\/product\/giardiniera\/#primaryimage\"},\"image\":{\"@id\":\"https:\/\/security-prosciutto.publifarm.com\/de\/product\/giardiniera\/#primaryimage\"},\"thumbnailUrl\":\"https:\/\/security-prosciutto.publifarm.com\/wp-content\/uploads\/2024\/07\/Giardiniera.jpg\",\"datePublished\":\"2022-03-02T16:11:21+00:00\",\"dateModified\":\"2024-09-27T08:45:42+00:00\",\"breadcrumb\":{\"@id\":\"https:\/\/security-prosciutto.publifarm.com\/de\/product\/giardiniera\/#breadcrumb\"},\"inLanguage\":\"de-DE\",\"potentialAction\":[{\"@type\":\"ReadAction\",\"target\":[\"https:\/\/security-prosciutto.publifarm.com\/de\/product\/giardiniera\/\"]}]},{\"@type\":\"ImageObject\",\"inLanguage\":\"de-DE\",\"@id\":\"https:\/\/security-prosciutto.publifarm.com\/de\/product\/giardiniera\/#primaryimage\",\"url\":\"https:\/\/security-prosciutto.publifarm.com\/wp-content\/uploads\/2024\/07\/Giardiniera.jpg\",\"contentUrl\":\"https:\/\/security-prosciutto.publifarm.com\/wp-content\/uploads\/2024\/07\/Giardiniera.jpg\",\"width\":1500,\"height\":2250},{\"@type\":\"BreadcrumbList\",\"@id\":\"https:\/\/security-prosciutto.publifarm.com\/de\/product\/giardiniera\/#breadcrumb\",\"itemListElement\":[{\"@type\":\"ListItem\",\"position\":1,\"name\":\"Home\",\"item\":\"https:\/\/security-prosciutto.publifarm.com\/de\/\"},{\"@type\":\"ListItem\",\"position\":2,\"name\":\"Shop\",\"item\":\"https:\/\/security-prosciutto.publifarm.com\/shop\/\"},{\"@type\":\"ListItem\",\"position\":3,\"name\":\"Giardiniera\"}]},{\"@type\":\"WebSite\",\"@id\":\"https:\/\/security-prosciutto.publifarm.com\/de\/#website\",\"url\":\"https:\/\/security-prosciutto.publifarm.com\/de\/\",\"name\":\"La Casa del Prosciutto\",\"description\":\"Alberti 1906\",\"potentialAction\":[{\"@type\":\"SearchAction\",\"target\":{\"@type\":\"EntryPoint\",\"urlTemplate\":\"https:\/\/security-prosciutto.publifarm.com\/de\/?s={search_term_string}\"},\"query-input\":{\"@type\":\"PropertyValueSpecification\",\"valueRequired\":true,\"valueName\":\"search_term_string\"}}],\"inLanguage\":\"de-DE\"}]}<\/script>\n<!-- \/ Yoast SEO plugin. -->","yoast_head_json":{"title":"Giardiniera - La Casa del Prosciutto","robots":{"index":"noindex","follow":"follow","max-snippet":"max-snippet:-1","max-image-preview":"max-image-preview:large","max-video-preview":"max-video-preview:-1"},"og_locale":"de_DE","og_type":"article","og_title":"Giardiniera - La Casa del Prosciutto","og_description":"Giardiniera della Mamma ist die perfekte Beilage zum Alberti-Schinken.","og_url":"https:\/\/security-prosciutto.publifarm.com\/de\/product\/giardiniera\/","og_site_name":"La Casa del Prosciutto","article_modified_time":"2024-09-27T08:45:42+00:00","og_image":[{"width":1500,"height":2250,"url":"https:\/\/security-prosciutto.publifarm.com\/wp-content\/uploads\/2024\/07\/Giardiniera.jpg","type":"image\/jpeg"}],"twitter_card":"summary_large_image","twitter_misc":{"Est. reading time":"1 minute"},"schema":{"@context":"https:\/\/schema.org","@graph":[{"@type":"WebPage","@id":"https:\/\/security-prosciutto.publifarm.com\/de\/product\/giardiniera\/","url":"https:\/\/security-prosciutto.publifarm.com\/de\/product\/giardiniera\/","name":"Giardiniera - La Casa del Prosciutto","isPartOf":{"@id":"https:\/\/security-prosciutto.publifarm.com\/de\/#website"},"primaryImageOfPage":{"@id":"https:\/\/security-prosciutto.publifarm.com\/de\/product\/giardiniera\/#primaryimage"},"image":{"@id":"https:\/\/security-prosciutto.publifarm.com\/de\/product\/giardiniera\/#primaryimage"},"thumbnailUrl":"https:\/\/security-prosciutto.publifarm.com\/wp-content\/uploads\/2024\/07\/Giardiniera.jpg","datePublished":"2022-03-02T16:11:21+00:00","dateModified":"2024-09-27T08:45:42+00:00","breadcrumb":{"@id":"https:\/\/security-prosciutto.publifarm.com\/de\/product\/giardiniera\/#breadcrumb"},"inLanguage":"de-DE","potentialAction":[{"@type":"ReadAction","target":["https:\/\/security-prosciutto.publifarm.com\/de\/product\/giardiniera\/"]}]},{"@type":"ImageObject","inLanguage":"de-DE","@id":"https:\/\/security-prosciutto.publifarm.com\/de\/product\/giardiniera\/#primaryimage","url":"https:\/\/security-prosciutto.publifarm.com\/wp-content\/uploads\/2024\/07\/Giardiniera.jpg","contentUrl":"https:\/\/security-prosciutto.publifarm.com\/wp-content\/uploads\/2024\/07\/Giardiniera.jpg","width":1500,"height":2250},{"@type":"BreadcrumbList","@id":"https:\/\/security-prosciutto.publifarm.com\/de\/product\/giardiniera\/#breadcrumb","itemListElement":[{"@type":"ListItem","position":1,"name":"Home","item":"https:\/\/security-prosciutto.publifarm.com\/de\/"},{"@type":"ListItem","position":2,"name":"Shop","item":"https:\/\/security-prosciutto.publifarm.com\/shop\/"},{"@type":"ListItem","position":3,"name":"Giardiniera"}]},{"@type":"WebSite","@id":"https:\/\/security-prosciutto.publifarm.com\/de\/#website","url":"https:\/\/security-prosciutto.publifarm.com\/de\/","name":"La Casa del Prosciutto","description":"Alberti 1906","potentialAction":[{"@type":"SearchAction","target":{"@type":"EntryPoint","urlTemplate":"https:\/\/security-prosciutto.publifarm.com\/de\/?s={search_term_string}"},"query-input":{"@type":"PropertyValueSpecification","valueRequired":true,"valueName":"search_term_string"}}],"inLanguage":"de-DE"}]}},"jetpack_sharing_enabled":true,"_links":{"self":[{"href":"https:\/\/security-prosciutto.publifarm.com\/de\/wp-json\/wp\/v2\/product\/4322","targetHints":{"allow":["GET"]}}],"collection":[{"href":"https:\/\/security-prosciutto.publifarm.com\/de\/wp-json\/wp\/v2\/product"}],"about":[{"href":"https:\/\/security-prosciutto.publifarm.com\/de\/wp-json\/wp\/v2\/types\/product"}],"wp:featuredmedia":[{"embeddable":true,"href":"https:\/\/security-prosciutto.publifarm.com\/de\/wp-json\/wp\/v2\/media\/4420"}],"wp:attachment":[{"href":"https:\/\/security-prosciutto.publifarm.com\/de\/wp-json\/wp\/v2\/media?parent=4322"}],"wp:term":[{"taxonomy":"product_brand","embeddable":true,"href":"https:\/\/security-prosciutto.publifarm.com\/de\/wp-json\/wp\/v2\/product_brand?post=4322"},{"taxonomy":"product_cat","embeddable":true,"href":"https:\/\/security-prosciutto.publifarm.com\/de\/wp-json\/wp\/v2\/product_cat?post=4322"},{"taxonomy":"product_tag","embeddable":true,"href":"https:\/\/security-prosciutto.publifarm.com\/de\/wp-json\/wp\/v2\/product_tag?post=4322"}],"curies":[{"name":"wp","href":"https:\/\/api.w.org\/{rel}","templated":true}]}}