{"id":4244,"date":"2020-04-30T09:40:04","date_gmt":"2020-04-30T07:40:04","guid":{"rendered":"http:\/\/localhost\/la-casa-del-prosciutto\/product\/prosciutto-intero-disossato-2\/"},"modified":"2024-09-27T12:55:54","modified_gmt":"2024-09-27T10:55:54","slug":"ganzer-san-daniele-schinken-ohne-knochen","status":"publish","type":"product","link":"https:\/\/security-prosciutto.publifarm.com\/de\/product\/ganzer-san-daniele-schinken-ohne-knochen\/","title":{"rendered":"Ganzer San-Daniele-Schinken Ohne Knochen"},"content":{"rendered":"<h3>Zutaten<\/h3>\n<p>Italienische Schweinekeule, Meersalz. Ohne Allergene, Zusatz-Konservierungs- und Farbstoffe.Glutenfrei<\/p>\n<h3>Konservierungsmethoden<\/h3>\n<p>Im K\u00fchlschrank lagern (zwischen +1\u00b0C und +7\u00b0C) und den Schinken nach dem Herausnehmen aus der Schutzh\u00fclle mit einem trockenen Baumwolltuch abdecken.<\/p>\n<h3>Haltbarkeit<\/h3>\n<p>Vakuumverpackt: 6 Monate<br \/>\nAb dem ersten Anschnitt: 3 Monate<\/p>\n<h3>Kuriosit\u00e4t<\/h3>\n<p>Bei den mikroskopisch kleinen K\u00f6rnchen, die manchmal in der Mitte des mageren Teils zu finden sind, handelt es sich nicht um Salzk\u00f6rner, sondern um einfache Tyrosinkristalle, eine nat\u00fcrliche Substanz, die durch die Alterung von Proteinen entsteht und ein Beweis f\u00fcr eine l\u00e4ngere Reifung ist.<\/p>\n","protected":false},"excerpt":{"rendered":"<p>die beste L\u00f6sung f\u00fcr diejenigen, die einen ganzen Schinken mit einer professionellen Aufschnittmaschine schneiden m\u00f6chten.<\/p>\n","protected":false},"featured_media":4436,"template":"","meta":{"_acf_changed":false},"product_brand":[],"product_cat":[102],"product_tag":[],"class_list":{"0":"post-4244","1":"product","2":"type-product","3":"status-publish","4":"has-post-thumbnail","6":"product_cat-knochenloser-schinken","8":"first","9":"instock","10":"taxable","11":"shipping-taxable","12":"purchasable","13":"product-type-simple"},"acf":[],"yoast_head":"<!-- This site is optimized with the Yoast SEO plugin v27.0 - https:\/\/yoast.com\/product\/yoast-seo-wordpress\/ -->\n<title>Ganzer San-Daniele-Schinken Ohne Knochen - La Casa del Prosciutto<\/title>\n<meta name=\"robots\" content=\"noindex, follow, max-snippet:-1, max-image-preview:large, max-video-preview:-1\" \/>\n<meta property=\"og:locale\" content=\"de_DE\" \/>\n<meta property=\"og:type\" content=\"article\" \/>\n<meta property=\"og:title\" content=\"Ganzer San-Daniele-Schinken Ohne Knochen - La Casa del Prosciutto\" \/>\n<meta property=\"og:description\" content=\"die beste L\u00f6sung f\u00fcr diejenigen, die einen ganzen Schinken mit einer professionellen Aufschnittmaschine schneiden m\u00f6chten.\" \/>\n<meta property=\"og:url\" content=\"https:\/\/security-prosciutto.publifarm.com\/de\/product\/ganzer-san-daniele-schinken-ohne-knochen\/\" \/>\n<meta property=\"og:site_name\" content=\"La Casa del Prosciutto\" \/>\n<meta property=\"article:modified_time\" content=\"2024-09-27T10:55:54+00:00\" \/>\n<meta property=\"og:image\" content=\"https:\/\/security-prosciutto.publifarm.com\/wp-content\/uploads\/2024\/07\/Prosciutto-San-Daniele-intero-disossato-1.jpg\" \/>\n\t<meta property=\"og:image:width\" content=\"1500\" \/>\n\t<meta property=\"og:image:height\" content=\"2250\" \/>\n\t<meta property=\"og:image:type\" content=\"image\/jpeg\" \/>\n<meta name=\"twitter:card\" content=\"summary_large_image\" \/>\n<meta name=\"twitter:label1\" content=\"Est. reading time\" \/>\n\t<meta name=\"twitter:data1\" content=\"1 minute\" \/>\n<script type=\"application\/ld+json\" class=\"yoast-schema-graph\">{\"@context\":\"https:\/\/schema.org\",\"@graph\":[{\"@type\":\"WebPage\",\"@id\":\"https:\/\/security-prosciutto.publifarm.com\/de\/product\/ganzer-san-daniele-schinken-ohne-knochen\/\",\"url\":\"https:\/\/security-prosciutto.publifarm.com\/de\/product\/ganzer-san-daniele-schinken-ohne-knochen\/\",\"name\":\"Ganzer San-Daniele-Schinken Ohne Knochen - La Casa del Prosciutto\",\"isPartOf\":{\"@id\":\"https:\/\/security-prosciutto.publifarm.com\/de\/#website\"},\"primaryImageOfPage\":{\"@id\":\"https:\/\/security-prosciutto.publifarm.com\/de\/product\/ganzer-san-daniele-schinken-ohne-knochen\/#primaryimage\"},\"image\":{\"@id\":\"https:\/\/security-prosciutto.publifarm.com\/de\/product\/ganzer-san-daniele-schinken-ohne-knochen\/#primaryimage\"},\"thumbnailUrl\":\"https:\/\/security-prosciutto.publifarm.com\/wp-content\/uploads\/2024\/07\/Prosciutto-San-Daniele-intero-disossato-1.jpg\",\"datePublished\":\"2020-04-30T07:40:04+00:00\",\"dateModified\":\"2024-09-27T10:55:54+00:00\",\"breadcrumb\":{\"@id\":\"https:\/\/security-prosciutto.publifarm.com\/de\/product\/ganzer-san-daniele-schinken-ohne-knochen\/#breadcrumb\"},\"inLanguage\":\"de-DE\",\"potentialAction\":[{\"@type\":\"ReadAction\",\"target\":[\"https:\/\/security-prosciutto.publifarm.com\/de\/product\/ganzer-san-daniele-schinken-ohne-knochen\/\"]}]},{\"@type\":\"ImageObject\",\"inLanguage\":\"de-DE\",\"@id\":\"https:\/\/security-prosciutto.publifarm.com\/de\/product\/ganzer-san-daniele-schinken-ohne-knochen\/#primaryimage\",\"url\":\"https:\/\/security-prosciutto.publifarm.com\/wp-content\/uploads\/2024\/07\/Prosciutto-San-Daniele-intero-disossato-1.jpg\",\"contentUrl\":\"https:\/\/security-prosciutto.publifarm.com\/wp-content\/uploads\/2024\/07\/Prosciutto-San-Daniele-intero-disossato-1.jpg\",\"width\":1500,\"height\":2250},{\"@type\":\"BreadcrumbList\",\"@id\":\"https:\/\/security-prosciutto.publifarm.com\/de\/product\/ganzer-san-daniele-schinken-ohne-knochen\/#breadcrumb\",\"itemListElement\":[{\"@type\":\"ListItem\",\"position\":1,\"name\":\"Home\",\"item\":\"https:\/\/security-prosciutto.publifarm.com\/de\/\"},{\"@type\":\"ListItem\",\"position\":2,\"name\":\"Shop\",\"item\":\"https:\/\/security-prosciutto.publifarm.com\/shop\/\"},{\"@type\":\"ListItem\",\"position\":3,\"name\":\"Ganzer San-Daniele-Schinken Ohne Knochen\"}]},{\"@type\":\"WebSite\",\"@id\":\"https:\/\/security-prosciutto.publifarm.com\/de\/#website\",\"url\":\"https:\/\/security-prosciutto.publifarm.com\/de\/\",\"name\":\"La Casa del Prosciutto\",\"description\":\"Alberti 1906\",\"potentialAction\":[{\"@type\":\"SearchAction\",\"target\":{\"@type\":\"EntryPoint\",\"urlTemplate\":\"https:\/\/security-prosciutto.publifarm.com\/de\/?s={search_term_string}\"},\"query-input\":{\"@type\":\"PropertyValueSpecification\",\"valueRequired\":true,\"valueName\":\"search_term_string\"}}],\"inLanguage\":\"de-DE\"}]}<\/script>\n<!-- \/ Yoast SEO plugin. -->","yoast_head_json":{"title":"Ganzer San-Daniele-Schinken Ohne Knochen - La Casa del Prosciutto","robots":{"index":"noindex","follow":"follow","max-snippet":"max-snippet:-1","max-image-preview":"max-image-preview:large","max-video-preview":"max-video-preview:-1"},"og_locale":"de_DE","og_type":"article","og_title":"Ganzer San-Daniele-Schinken Ohne Knochen - La Casa del Prosciutto","og_description":"die beste L\u00f6sung f\u00fcr diejenigen, die einen ganzen Schinken mit einer professionellen Aufschnittmaschine schneiden m\u00f6chten.","og_url":"https:\/\/security-prosciutto.publifarm.com\/de\/product\/ganzer-san-daniele-schinken-ohne-knochen\/","og_site_name":"La Casa del Prosciutto","article_modified_time":"2024-09-27T10:55:54+00:00","og_image":[{"width":1500,"height":2250,"url":"https:\/\/security-prosciutto.publifarm.com\/wp-content\/uploads\/2024\/07\/Prosciutto-San-Daniele-intero-disossato-1.jpg","type":"image\/jpeg"}],"twitter_card":"summary_large_image","twitter_misc":{"Est. reading time":"1 minute"},"schema":{"@context":"https:\/\/schema.org","@graph":[{"@type":"WebPage","@id":"https:\/\/security-prosciutto.publifarm.com\/de\/product\/ganzer-san-daniele-schinken-ohne-knochen\/","url":"https:\/\/security-prosciutto.publifarm.com\/de\/product\/ganzer-san-daniele-schinken-ohne-knochen\/","name":"Ganzer San-Daniele-Schinken Ohne Knochen - La Casa del Prosciutto","isPartOf":{"@id":"https:\/\/security-prosciutto.publifarm.com\/de\/#website"},"primaryImageOfPage":{"@id":"https:\/\/security-prosciutto.publifarm.com\/de\/product\/ganzer-san-daniele-schinken-ohne-knochen\/#primaryimage"},"image":{"@id":"https:\/\/security-prosciutto.publifarm.com\/de\/product\/ganzer-san-daniele-schinken-ohne-knochen\/#primaryimage"},"thumbnailUrl":"https:\/\/security-prosciutto.publifarm.com\/wp-content\/uploads\/2024\/07\/Prosciutto-San-Daniele-intero-disossato-1.jpg","datePublished":"2020-04-30T07:40:04+00:00","dateModified":"2024-09-27T10:55:54+00:00","breadcrumb":{"@id":"https:\/\/security-prosciutto.publifarm.com\/de\/product\/ganzer-san-daniele-schinken-ohne-knochen\/#breadcrumb"},"inLanguage":"de-DE","potentialAction":[{"@type":"ReadAction","target":["https:\/\/security-prosciutto.publifarm.com\/de\/product\/ganzer-san-daniele-schinken-ohne-knochen\/"]}]},{"@type":"ImageObject","inLanguage":"de-DE","@id":"https:\/\/security-prosciutto.publifarm.com\/de\/product\/ganzer-san-daniele-schinken-ohne-knochen\/#primaryimage","url":"https:\/\/security-prosciutto.publifarm.com\/wp-content\/uploads\/2024\/07\/Prosciutto-San-Daniele-intero-disossato-1.jpg","contentUrl":"https:\/\/security-prosciutto.publifarm.com\/wp-content\/uploads\/2024\/07\/Prosciutto-San-Daniele-intero-disossato-1.jpg","width":1500,"height":2250},{"@type":"BreadcrumbList","@id":"https:\/\/security-prosciutto.publifarm.com\/de\/product\/ganzer-san-daniele-schinken-ohne-knochen\/#breadcrumb","itemListElement":[{"@type":"ListItem","position":1,"name":"Home","item":"https:\/\/security-prosciutto.publifarm.com\/de\/"},{"@type":"ListItem","position":2,"name":"Shop","item":"https:\/\/security-prosciutto.publifarm.com\/shop\/"},{"@type":"ListItem","position":3,"name":"Ganzer San-Daniele-Schinken Ohne Knochen"}]},{"@type":"WebSite","@id":"https:\/\/security-prosciutto.publifarm.com\/de\/#website","url":"https:\/\/security-prosciutto.publifarm.com\/de\/","name":"La Casa del Prosciutto","description":"Alberti 1906","potentialAction":[{"@type":"SearchAction","target":{"@type":"EntryPoint","urlTemplate":"https:\/\/security-prosciutto.publifarm.com\/de\/?s={search_term_string}"},"query-input":{"@type":"PropertyValueSpecification","valueRequired":true,"valueName":"search_term_string"}}],"inLanguage":"de-DE"}]}},"jetpack_sharing_enabled":true,"_links":{"self":[{"href":"https:\/\/security-prosciutto.publifarm.com\/de\/wp-json\/wp\/v2\/product\/4244","targetHints":{"allow":["GET"]}}],"collection":[{"href":"https:\/\/security-prosciutto.publifarm.com\/de\/wp-json\/wp\/v2\/product"}],"about":[{"href":"https:\/\/security-prosciutto.publifarm.com\/de\/wp-json\/wp\/v2\/types\/product"}],"wp:featuredmedia":[{"embeddable":true,"href":"https:\/\/security-prosciutto.publifarm.com\/de\/wp-json\/wp\/v2\/media\/4436"}],"wp:attachment":[{"href":"https:\/\/security-prosciutto.publifarm.com\/de\/wp-json\/wp\/v2\/media?parent=4244"}],"wp:term":[{"taxonomy":"product_brand","embeddable":true,"href":"https:\/\/security-prosciutto.publifarm.com\/de\/wp-json\/wp\/v2\/product_brand?post=4244"},{"taxonomy":"product_cat","embeddable":true,"href":"https:\/\/security-prosciutto.publifarm.com\/de\/wp-json\/wp\/v2\/product_cat?post=4244"},{"taxonomy":"product_tag","embeddable":true,"href":"https:\/\/security-prosciutto.publifarm.com\/de\/wp-json\/wp\/v2\/product_tag?post=4244"}],"curies":[{"name":"wp","href":"https:\/\/api.w.org\/{rel}","templated":true}]}}