{"id":1677,"date":"2024-04-22T09:51:29","date_gmt":"2024-04-22T07:51:29","guid":{"rendered":"http:\/\/localhost\/la-casa-del-prosciutto\/privacy-policy\/"},"modified":"2024-09-04T09:53:15","modified_gmt":"2024-09-04T07:53:15","slug":"datenschutzrichtlinie","status":"publish","type":"page","link":"https:\/\/security-prosciutto.publifarm.com\/de\/datenschutzrichtlinie\/","title":{"rendered":"Datenschutzrichtlinie"},"content":{"rendered":"\n<section class=\"wp-block-publifarm-columns page__content privacy__section py-5\"><div class=\"container\"><div class=\"row\">\n<div class=\"wp-block-publifarm-column col-12 col-md-12 col-lg-2\"><\/div>\n\n\n\n<div class=\"wp-block-publifarm-column col-12 col-md-12 col-lg\">\n<h1 class=\"wp-block-evidenzio-ev-title titolo_pb d-block h4 has-text-align-undefined\">Politik Elektronischer Handel<\/h1>\n\n\n\n<p>Auf dieser Seite werden die Verwaltungsmethoden dieser Website in Bezug auf die Verarbeitung der personenbezogenen Daten der Nutzer, die sie nutzen, beschrieben. Die Datenverarbeitung erfolgt in \u00dcbereinstimmung mit den Kriterien, die in der europ\u00e4ischen Verordnung zum Schutz personenbezogener Daten, der Verordnung 2016\/679\/EU, und allen anderen damit verbundenen nationalen Gesetzestexten, Ma\u00dfnahmen oder Genehmigungen der zust\u00e4ndigen Beh\u00f6rde vorgesehen sind. Gem\u00e4\u00df den oben genannten Rechtsvorschriften muss die Verarbeitung auf den Grunds\u00e4tzen der Korrektheit, Rechtm\u00e4\u00dfigkeit und Transparenz sowie auf dem Schutz Ihrer Privatsph\u00e4re und Ihrer Rechte beruhen.<\/p>\n\n\n\n<p>Die bereitgestellten Informationen sind spezifisch f\u00fcr die Verarbeitung personenbezogener Daten im Zusammenhang mit dem E-Commerce-Service der vom f\u00fcr die Verarbeitung Verantwortlichen verkauften Produkte.<\/p>\n\n\n\n<p><strong>DER VERANTWORTLICHE F\u00dcR DIE DATENVERARBEITUNG<\/strong><\/p>\n\n\n\n<p>Nach dem Besuch dieser Website k\u00f6nnen Daten verarbeitet werden, die sich auf identifizierte oder identifizierbare Personen beziehen. Der <strong>Verantwortliche f\u00fcr die Datenverarbeitung ist Alberti S.r.l. s.u., <\/strong>in der Person seines gesetzlichen Vertreters pro tempore, mit Sitz in Via Teobaldo Ciconi, 30 \u2013 33038 San Daniele del Friuli (UD), Tel. +39 0432957422 E-Mail: <a href=\"mailto:info@lacasadelprosciutto.com\">info@lacasadelprosciutto.com<\/a>.<\/p>\n\n\n\n<p><strong>ORT DER DATENVERARBEITUNG und KOMMUNIKATION<\/strong><\/p>\n\n\n\n<p>Die Verarbeitung im Zusammenhang mit dem E-Commerce-Service f\u00fcr den Kauf von Produkten, die Verarbeitung von Daten f\u00fcr die Verwaltung von Bestellungen, findet am oben genannten Hauptsitz des Unternehmens statt und wird von den Mitarbeitern des Unternehmens durchgef\u00fchrt. Die Zahlungsdaten werden im <em>Rahmen des Outsourcings <\/em>von einem ordnungsgem\u00e4\u00df bestellten Datenverarbeiter <em>gem\u00e4\u00df&nbsp;<\/em> Artikel 28 der Verordnung 2016\/679\/EU verwaltet, dessen Dienstleistung in der f\u00fcr den E-Commerce-Dienst erstellten Folgenabsch\u00e4tzung untersucht wurde.<\/p>\n\n\n\n<p>Es gibt keine Kommunikationsbereiche zu anderen als den identifizierten Themen; Die gesammelten Daten werden nicht verbreitet.<\/p>\n\n\n\n<p><strong>ZWECKE DER VERARBEITUNG UND RECHTSGRUNDLAGEN DER VERARBEITUNG<\/strong><\/p>\n\n\n\n<p>Die erhobenen personenbezogenen Daten sind notwendig, um:<\/p>\n\n\n\n<p>a) Aufforderung zum Kauf von Produkten, Auftragsabwicklung, Vorbereitung der Ware und Versand an die ausgew\u00e4hlte Adresse;<\/p>\n\n\n\n<p>b) Verwaltung der Zahlungsmethoden des Produkts;<\/p>\n\n\n\n<p>c) Verwaltung der Buchhaltungs- und Steuerbeziehungen im Zusammenhang mit dem Hauptvertrag;<\/p>\n\n\n\n<p>d) Verwaltung von R\u00fccksendeantr\u00e4gen oder Streitigkeiten;<\/p>\n\n\n\n<p>e) Buchung und Verkostung von Produkten in den R\u00e4umlichkeiten des f\u00fcr die Verarbeitung Verantwortlichen.<\/p>\n\n\n\n<p>Personenbezogene Kontaktdaten k\u00f6nnen vom f\u00fcr die Verarbeitung Verantwortlichen verwendet werden, um:<\/p>\n\n\n\n<p>f) Zweck der Kontaktaufnahme mit dem f\u00fcr die Verarbeitung Verantwortlichen f\u00fcr spezifische schriftliche Anfragen;<\/p>\n\n\n\n<p>g) Marketingzwecke, wie z. B. das Versenden von Newslettern, Werbeaktionen, Preislisten und Einladungen zu Veranstaltungen.<\/p>\n\n\n\n<p>Der E-Commerce-Dienst dient zu den unter den Buchstaben a), b) und c) genannten Zwecken und zu Marketingzwecken. Die anderen Zwecke sind nebens\u00e4chlich und werden nicht direkt vom E-Commerce-Dienst verwaltet.<\/p>\n\n\n\n<p>Die Rechtsgrundlagen f\u00fcr die Verarbeitung finden sich in Artikel 6 Absatz 1 Buchstabe a &#8220;Die betroffene Person hat ihre Einwilligung gegeben&#8221;, Buchstabe b) <em>&#8220;Erf\u00fcllung eines Vertrags, an dem die betroffene Person beteiligt ist&#8221;,<\/em> Buchstabe f) <em>&#8220;berechtigtes Interesse des f\u00fcr die Verarbeitung Verantwortlichen&#8221;.<\/em><\/p>\n\n\n\n<p><strong>ARTEN DER VERARBEITETEN DATEN<\/strong><\/p>\n\n\n\n<p><strong>Browsing-Daten<\/strong><\/p>\n\n\n\n<p>Die Computersysteme und Softwareverfahren, die f\u00fcr den Betrieb dieser Website verwendet werden, erfassen w\u00e4hrend ihres normalen Betriebs einige personenbezogene Daten, deren \u00dcbertragung bei der Verwendung von Internet-Kommunikationsprotokollen implizit ist.<\/p>\n\n\n\n<p>Diese Informationen werden nicht gesammelt, um mit identifizierten betroffenen Personen in Verbindung gebracht zu werden, k\u00f6nnten aber aufgrund ihrer Beschaffenheit durch Verarbeitung und Verkn\u00fcpfung mit Daten im Besitz Dritter eine Identifizierung der Benutzer erm\u00f6glichen.<\/p>\n\n\n\n<p>Zu dieser Datenkategorie geh\u00f6ren die IP-Adressen oder Domain-Namen der Computer, die von Benutzern verwendet werden, die sich mit der Website verbinden, die URI-Adressen (Uniform Resource Identifier) der angeforderten Ressourcen, die Uhrzeit der Anfrage, die Methode, mit der die Anfrage an den Server gesendet wurde, die Gr\u00f6\u00dfe der als Antwort erhaltenen Datei, der numerische Code, der den Status der vom Server gegebenen Antwort angibt (erfolgreich, erfolgreich,&nbsp; Fehler usw.) und andere Parameter, die sich auf das Betriebssystem und die Computerumgebung des Benutzers beziehen.<\/p>\n\n\n\n<p>Diese Daten werden ausschlie\u00dflich zu dem Zweck verwendet, anonyme statistische Informationen \u00fcber die Nutzung der Website zu erhalten und deren korrektes Funktionieren zu \u00fcberpr\u00fcfen. Die Daten k\u00f6nnten verwendet werden, um die Verantwortlichkeit im Falle hypothetischer Computerkriminalit\u00e4t gegen die Website festzustellen. F\u00fcr diese Daten, die auf den oben genannten Zweck beschr\u00e4nkt sind, ist es nicht erforderlich, eine Einwilligung einzuholen.<\/p>\n\n\n\n<p><strong>Vom Nutzer freiwillig zur Verf\u00fcgung gestellte Daten<\/strong><\/p>\n\n\n\n<p>Der E-Commerce-Service ist f\u00fcr die Erfassung von Daten strukturiert, die f\u00fcr die Vorbereitung der Bestellung und den Versand des angeforderten Produkts erforderlich sind. Alle erforderlichen Felder sind erforderlich. Die Aufnahme ist optional, aber die Ablehnung macht es unm\u00f6glich, den Kauf zu t\u00e4tigen. Die Marketingaktivit\u00e4t unterliegt Ihrer ausdr\u00fccklichen Zustimmung, im Falle einer Ablehnung kann der f\u00fcr die Verarbeitung Verantwortliche die spezifische Aktivit\u00e4t nicht durchf\u00fchren.<\/p>\n\n\n\n<p><strong>Cookies<\/strong><\/p>\n\n\n\n<p>Die Cookie-Richtlinie der Website wird in der spezifischen <em><a href=\"https:\/\/security-prosciutto.publifarm.com\/de\/cookie-policy\/\">Cookie-Richtlinie<\/a><\/em> der Website, mit der der E-Commerce-Dienst verkn\u00fcpft ist, geregelt und beschrieben.<\/p>\n\n\n\n<p><strong>METHODEN DER VERARBEITUNG<\/strong><\/p>\n\n\n\n<p>Personenbezogene Daten werden vom f\u00fcr die Verarbeitung Verantwortlichen und von ordnungsgem\u00e4\u00df ernannten Datenverarbeitern zur korrekten Erf\u00fcllung der angegebenen Zwecke mit Hilfe elektronischer Instrumente und Papierarchive sowie unter Verwendung von Sicherheitsma\u00dfnahmen verarbeitet, um die Vertraulichkeit der personenbezogenen Daten zu gew\u00e4hrleisten und einen unrechtm\u00e4\u00dfigen Zugriff durch Unbefugte zu verhindern. Der f\u00fcr die Verarbeitung Verantwortliche verwendet keine automatisierten Prozesse, einschlie\u00dflich Profiling, um die in dieser Richtlinie dargelegten Zwecke zu erreichen.<\/p>\n\n\n\n<p><strong>BEDINGUNGEN F\u00dcR DIE VERARBEITUNG<\/strong><\/p>\n\n\n\n<p>Der f\u00fcr die Verarbeitung Verantwortliche verarbeitet personenbezogene Daten f\u00fcr die Zeit, die zur Erf\u00fcllung der oben genannten Zwecke erforderlich ist, und in jedem Fall nicht l\u00e4nger als 2 Jahre ab Erhebung der Daten zum Zwecke der Verarbeitung nach Einwilligung f\u00fcr Marketingaktivit\u00e4ten.<\/p>\n\n\n\n<p><strong>DATEN\u00dcBERMITTLUNG AUSSERHALB DER EU<\/strong><\/p>\n\n\n\n<p>Der f\u00fcr die Verarbeitung Verantwortliche \u00fcbermittelt keine Daten direkt au\u00dferhalb der EU; jede Daten\u00fcbermittlung durch <em>Outsourcer <\/em>wurde in der Folgenabsch\u00e4tzung analysiert, die gem\u00e4\u00df Artikel 35 des italienischen Pr\u00e4sidialdekrets erstellt wurde.<\/p>\n\n\n\n<p><strong>RECHTE DER BETROFFENEN PERSONEN<\/strong><\/p>\n\n\n\n<p>Gem\u00e4\u00df Art. 15 \u2013 22 DAPR hat der Betroffene das Recht, von dem f\u00fcr die Verarbeitung Verantwortlichen den Zugang zu seinen personenbezogenen Daten oder deren Berichtigung oder L\u00f6schung oder die Einschr\u00e4nkung der ihn betreffenden Verarbeitung zu verlangen, oder er hat das Recht, gegen deren Verarbeitung Einspruch einzulegen, sowie das Recht, die \u00dcbertragbarkeit der Daten selbst zu verlangen.<\/p>\n\n\n\n<p>Die Anfrage kann per E-Mail oder Fax oder Einschreiben mit dem Betreff &#8220;Antrag des Interessenten&#8221; gestellt werden, wobei in der Anfrage das Recht angegeben wird, das der Interessent aus\u00fcben m\u00f6chte (Stornierung, Berichtigung, \u00dcbertragbarkeit, Vergessen), zusammen mit einer g\u00fcltigen E-Mail-Adresse\/zertifizierten E-Mail-Adresse, an die die Antwort zugestellt werden kann.<\/p>\n\n\n\n<p>Der f\u00fcr die Verarbeitung Verantwortliche oder eine von derselben Person benannte Person wird der Anfrage innerhalb von 30 Tagen ab dem Datum des Eingangs nachkommen. Wenn die Antwort komplex ist, kann die Frist auf weitere 30 Tage verl\u00e4ngert werden, sofern der Interessent rechtzeitig dar\u00fcber informiert wird.<\/p>\n\n\n\n<p>Wenn Sie es f\u00fcr angemessen halten, Ihre Rechte geltend zu machen, haben Sie das Recht, eine Beschwerde bei der zust\u00e4ndigen Aufsichtsbeh\u00f6rde einzureichen, die der <strong>Nationalen Datenschutzbeh\u00f6rde <\/strong>entspricht, mit Sitz in Piazza Venezia, 11 \u2013 00187 Rom, <a href=\"mailto:garante@gpdp.it\">garante@gpdp.it<\/a>.<\/p>\n\n\n\n<p class=\"has-text-align-right\">Letzte Aktualisierung dieser Datenschutzrichtlinie: 01.08.2024<\/p>\n<\/div>\n\n\n\n<div class=\"wp-block-publifarm-column col-12 col-md-12 col-lg-2\"><\/div>\n<\/div><\/div><\/section>\n","protected":false},"excerpt":{"rendered":"","protected":false},"author":1,"featured_media":0,"parent":0,"menu_order":0,"comment_status":"closed","ping_status":"closed","template":"","meta":{"_acf_changed":false,"footnotes":""},"class_list":["post-1677","page","type-page","status-publish","hentry"],"acf":[],"yoast_head":"<!-- This site is optimized with the Yoast SEO plugin v27.0 - https:\/\/yoast.com\/product\/yoast-seo-wordpress\/ -->\n<title>Datenschutzrichtlinie - La Casa del Prosciutto<\/title>\n<meta name=\"robots\" content=\"noindex, follow, max-snippet:-1, max-image-preview:large, max-video-preview:-1\" \/>\n<meta property=\"og:locale\" content=\"de_DE\" \/>\n<meta property=\"og:type\" content=\"article\" \/>\n<meta property=\"og:title\" content=\"Datenschutzrichtlinie - La Casa del Prosciutto\" \/>\n<meta property=\"og:url\" content=\"https:\/\/security-prosciutto.publifarm.com\/de\/datenschutzrichtlinie\/\" \/>\n<meta property=\"og:site_name\" content=\"La Casa del Prosciutto\" \/>\n<meta property=\"article:modified_time\" content=\"2024-09-04T07:53:15+00:00\" \/>\n<meta name=\"twitter:card\" content=\"summary_large_image\" \/>\n<meta name=\"twitter:label1\" content=\"Est. reading time\" \/>\n\t<meta name=\"twitter:data1\" content=\"6 minutes\" \/>\n<script type=\"application\/ld+json\" class=\"yoast-schema-graph\">{\"@context\":\"https:\/\/schema.org\",\"@graph\":[{\"@type\":\"WebPage\",\"@id\":\"https:\/\/security-prosciutto.publifarm.com\/de\/datenschutzrichtlinie\/\",\"url\":\"https:\/\/security-prosciutto.publifarm.com\/de\/datenschutzrichtlinie\/\",\"name\":\"Datenschutzrichtlinie - La Casa del Prosciutto\",\"isPartOf\":{\"@id\":\"https:\/\/security-prosciutto.publifarm.com\/de\/#website\"},\"datePublished\":\"2024-04-22T07:51:29+00:00\",\"dateModified\":\"2024-09-04T07:53:15+00:00\",\"breadcrumb\":{\"@id\":\"https:\/\/security-prosciutto.publifarm.com\/de\/datenschutzrichtlinie\/#breadcrumb\"},\"inLanguage\":\"de-DE\",\"potentialAction\":[{\"@type\":\"ReadAction\",\"target\":[\"https:\/\/security-prosciutto.publifarm.com\/de\/datenschutzrichtlinie\/\"]}]},{\"@type\":\"BreadcrumbList\",\"@id\":\"https:\/\/security-prosciutto.publifarm.com\/de\/datenschutzrichtlinie\/#breadcrumb\",\"itemListElement\":[{\"@type\":\"ListItem\",\"position\":1,\"name\":\"Home\",\"item\":\"https:\/\/security-prosciutto.publifarm.com\/de\/\"},{\"@type\":\"ListItem\",\"position\":2,\"name\":\"Datenschutzrichtlinie\"}]},{\"@type\":\"WebSite\",\"@id\":\"https:\/\/security-prosciutto.publifarm.com\/de\/#website\",\"url\":\"https:\/\/security-prosciutto.publifarm.com\/de\/\",\"name\":\"La Casa del Prosciutto\",\"description\":\"Alberti 1906\",\"potentialAction\":[{\"@type\":\"SearchAction\",\"target\":{\"@type\":\"EntryPoint\",\"urlTemplate\":\"https:\/\/security-prosciutto.publifarm.com\/de\/?s={search_term_string}\"},\"query-input\":{\"@type\":\"PropertyValueSpecification\",\"valueRequired\":true,\"valueName\":\"search_term_string\"}}],\"inLanguage\":\"de-DE\"}]}<\/script>\n<!-- \/ Yoast SEO plugin. -->","yoast_head_json":{"title":"Datenschutzrichtlinie - La Casa del Prosciutto","robots":{"index":"noindex","follow":"follow","max-snippet":"max-snippet:-1","max-image-preview":"max-image-preview:large","max-video-preview":"max-video-preview:-1"},"og_locale":"de_DE","og_type":"article","og_title":"Datenschutzrichtlinie - La Casa del Prosciutto","og_url":"https:\/\/security-prosciutto.publifarm.com\/de\/datenschutzrichtlinie\/","og_site_name":"La Casa del Prosciutto","article_modified_time":"2024-09-04T07:53:15+00:00","twitter_card":"summary_large_image","twitter_misc":{"Est. reading time":"6 minutes"},"schema":{"@context":"https:\/\/schema.org","@graph":[{"@type":"WebPage","@id":"https:\/\/security-prosciutto.publifarm.com\/de\/datenschutzrichtlinie\/","url":"https:\/\/security-prosciutto.publifarm.com\/de\/datenschutzrichtlinie\/","name":"Datenschutzrichtlinie - La Casa del Prosciutto","isPartOf":{"@id":"https:\/\/security-prosciutto.publifarm.com\/de\/#website"},"datePublished":"2024-04-22T07:51:29+00:00","dateModified":"2024-09-04T07:53:15+00:00","breadcrumb":{"@id":"https:\/\/security-prosciutto.publifarm.com\/de\/datenschutzrichtlinie\/#breadcrumb"},"inLanguage":"de-DE","potentialAction":[{"@type":"ReadAction","target":["https:\/\/security-prosciutto.publifarm.com\/de\/datenschutzrichtlinie\/"]}]},{"@type":"BreadcrumbList","@id":"https:\/\/security-prosciutto.publifarm.com\/de\/datenschutzrichtlinie\/#breadcrumb","itemListElement":[{"@type":"ListItem","position":1,"name":"Home","item":"https:\/\/security-prosciutto.publifarm.com\/de\/"},{"@type":"ListItem","position":2,"name":"Datenschutzrichtlinie"}]},{"@type":"WebSite","@id":"https:\/\/security-prosciutto.publifarm.com\/de\/#website","url":"https:\/\/security-prosciutto.publifarm.com\/de\/","name":"La Casa del Prosciutto","description":"Alberti 1906","potentialAction":[{"@type":"SearchAction","target":{"@type":"EntryPoint","urlTemplate":"https:\/\/security-prosciutto.publifarm.com\/de\/?s={search_term_string}"},"query-input":{"@type":"PropertyValueSpecification","valueRequired":true,"valueName":"search_term_string"}}],"inLanguage":"de-DE"}]}},"jetpack_sharing_enabled":true,"_links":{"self":[{"href":"https:\/\/security-prosciutto.publifarm.com\/de\/wp-json\/wp\/v2\/pages\/1677","targetHints":{"allow":["GET"]}}],"collection":[{"href":"https:\/\/security-prosciutto.publifarm.com\/de\/wp-json\/wp\/v2\/pages"}],"about":[{"href":"https:\/\/security-prosciutto.publifarm.com\/de\/wp-json\/wp\/v2\/types\/page"}],"author":[{"embeddable":true,"href":"https:\/\/security-prosciutto.publifarm.com\/de\/wp-json\/wp\/v2\/users\/1"}],"replies":[{"embeddable":true,"href":"https:\/\/security-prosciutto.publifarm.com\/de\/wp-json\/wp\/v2\/comments?post=1677"}],"version-history":[{"count":6,"href":"https:\/\/security-prosciutto.publifarm.com\/de\/wp-json\/wp\/v2\/pages\/1677\/revisions"}],"predecessor-version":[{"id":5167,"href":"https:\/\/security-prosciutto.publifarm.com\/de\/wp-json\/wp\/v2\/pages\/1677\/revisions\/5167"}],"wp:attachment":[{"href":"https:\/\/security-prosciutto.publifarm.com\/de\/wp-json\/wp\/v2\/media?parent=1677"}],"curies":[{"name":"wp","href":"https:\/\/api.w.org\/{rel}","templated":true}]}}