{"id":1359,"date":"2024-05-29T11:39:59","date_gmt":"2024-05-29T09:39:59","guid":{"rendered":"http:\/\/localhost\/la-casa-del-prosciutto\/visite-guidate\/"},"modified":"2025-04-29T10:39:47","modified_gmt":"2025-04-29T08:39:47","slug":"fuhrungen","status":"publish","type":"page","link":"https:\/\/security-prosciutto.publifarm.com\/de\/fuhrungen\/","title":{"rendered":"F\u00fchrungen"},"content":{"rendered":"\n<section class=\"wp-block-publifarm-columns section__page-hero\" id=\"visite__hero\"><div class=\"container\"><div class=\"row justify-content-right\">\n<div class=\"wp-block-publifarm-column col-12 col-md-12 col-lg-8 col__txt\">\n<h1 class=\"wp-block-evidenzio-ev-title titolo_pb d-block h2 has-text-align-undefined\">Erfahren Sie ein einzigartiges Erlebnis, das weit \u00fcber die einfache Verkostung von Schinken hinausgeht.<\/h1>\n<\/div>\n<\/div><\/div><\/section>\n\n\n\n<section class=\"wp-block-publifarm-columns section__card has-link-color wp-elements-5fcd76c5cd3bd56466fc8533d666058e\"><div class=\"container\"><div class=\"row\">\n<div class=\"wp-block-publifarm-column col-12 col-md-6 col-lg-6 col__txt\">\n<p class=\"wp-block-evidenzio-ev-title titolo_pb d-block h3 has-text-align-undefined\">Jeden Samstag und Sonntag begleiten wir Sie nach Voranmeldung auf eine Entdeckungsreise in alle Geheimnisse unseres Handwerks. <\/p>\n\n\n\n<p class=\"wp-block-evidenzio-ev-title titolo_pb d-block h3 has-text-align-undefined\">Die F\u00fchrung durch die Schinkenfabrik besteht aus einer detaillierten Erl\u00e4uterung aller Prozesse, von der ersten Phase, in der die Keulen im Salz belassen werden,<br>\u00fcber die Ruhephasen, bis zur endg\u00fcltigen Reifung, bei der die Schinken im Kontakt mit dem besonderen Mikroklima von San Daniele reifen.<\/p>\n\n\n\n<div class=\"wp-block-buttons is-layout-flex wp-block-buttons-is-layout-flex\">\n<div class=\"wp-block-button has-custom-width wp-block-button__width-50 is-style-primary-button\"><a class=\"wp-block-button__link has-colore-tema-1-color has-text-color has-background has-link-color wp-element-button\" href=\"https:\/\/lacasadelprosciutto.myrestoo.net\/de\/reservar\" style=\"background-color:#ffffff00\" target=\"_blank\" rel=\"https:\/\/security-prosciutto.publifarm.com\/visita-e-degustazione\/ noreferrer noopener\">Buchen Sie jetzt<\/a><\/div>\n<\/div>\n<\/div>\n\n\n\n<div class=\"wp-block-publifarm-column col-12 col-md-6 col-lg-6 col__img\">\n<figure class=\"wp-block-image size-large\"><img loading=\"lazy\" decoding=\"async\" width=\"1024\" height=\"858\" src=\"https:\/\/security-prosciutto.publifarm.com\/wp-content\/uploads\/2024\/11\/Progetto-senza-titolo-8-1024x858.png\" alt=\"\" class=\"wp-image-5472\" srcset=\"https:\/\/security-prosciutto.publifarm.com\/wp-content\/uploads\/2024\/11\/Progetto-senza-titolo-8-1024x858.png 1024w, https:\/\/security-prosciutto.publifarm.com\/wp-content\/uploads\/2024\/11\/Progetto-senza-titolo-8-300x251.png 300w, https:\/\/security-prosciutto.publifarm.com\/wp-content\/uploads\/2024\/11\/Progetto-senza-titolo-8-768x644.png 768w, https:\/\/security-prosciutto.publifarm.com\/wp-content\/uploads\/2024\/11\/Progetto-senza-titolo-8-1536x1288.png 1536w, https:\/\/security-prosciutto.publifarm.com\/wp-content\/uploads\/2024\/11\/Progetto-senza-titolo-8-2048x1717.png 2048w, https:\/\/security-prosciutto.publifarm.com\/wp-content\/uploads\/2024\/11\/Progetto-senza-titolo-8-600x503.png 600w\" sizes=\"auto, (max-width: 1024px) 100vw, 1024px\" \/><\/figure>\n<\/div>\n<\/div><\/div><\/section>\n\n\n\n<section class=\"wp-block-publifarm-columns has-link-color wp-elements-f8473d2a16fb1d812160bdc52df807f7\" id=\"visite__prenota\"><div class=\"container\"><div class=\"row\">\n<div class=\"wp-block-publifarm-column col-12 col-md-4 col-lg-4 col__img\">\n<figure class=\"wp-block-image size-full is-resized\"><img loading=\"lazy\" decoding=\"async\" width=\"1887\" height=\"2537\" src=\"https:\/\/security-prosciutto.publifarm.com\/wp-content\/uploads\/2024\/11\/Progetto-senza-titolo-1.png\" alt=\"\" class=\"wp-image-5476\" style=\"width:651px;height:auto\" srcset=\"https:\/\/security-prosciutto.publifarm.com\/wp-content\/uploads\/2024\/11\/Progetto-senza-titolo-1.png 1887w, https:\/\/security-prosciutto.publifarm.com\/wp-content\/uploads\/2024\/11\/Progetto-senza-titolo-1-223x300.png 223w, https:\/\/security-prosciutto.publifarm.com\/wp-content\/uploads\/2024\/11\/Progetto-senza-titolo-1-762x1024.png 762w, https:\/\/security-prosciutto.publifarm.com\/wp-content\/uploads\/2024\/11\/Progetto-senza-titolo-1-768x1033.png 768w, https:\/\/security-prosciutto.publifarm.com\/wp-content\/uploads\/2024\/11\/Progetto-senza-titolo-1-1142x1536.png 1142w, https:\/\/security-prosciutto.publifarm.com\/wp-content\/uploads\/2024\/11\/Progetto-senza-titolo-1-1523x2048.png 1523w, https:\/\/security-prosciutto.publifarm.com\/wp-content\/uploads\/2024\/11\/Progetto-senza-titolo-1-600x807.png 600w\" sizes=\"auto, (max-width: 1887px) 100vw, 1887px\" \/><\/figure>\n<\/div>\n\n\n\n<div class=\"wp-block-publifarm-column col-12 col-md-8 col-lg-8 col__txt\">\n<h3 class=\"wp-block-evidenzio-ev-title titolo_pb d-block h4 has-text-align-undefined\">Die Tour ist ausschlie\u00dflich den Kunden unserer historischen Osteria vorbehalten. Am Ende haben Sie einen reservierten Tisch f\u00fcr ein Mittagessen mit Prosciutto Alberti, kombiniert mit delikaten Beilagen in \u00d6l, typisch friaulischem K\u00e4se und anderen hausgemachten Wurstwaren.<\/h3>\n\n\n\n<p class=\"wp-block-evidenzio-ev-title titolo_pb d-block h3 has-text-align-undefined\">Nat\u00fcrlich begleitet von einer Auswahl der besten lokalen Weine. Die Reservierung beinhaltet sowohl die F\u00fchrung als auch das anschlie\u00dfende Mittagessen.<\/p>\n\n\n\n<div class=\"wp-block-buttons is-layout-flex wp-block-buttons-is-layout-flex\">\n<div class=\"wp-block-button has-custom-width wp-block-button__width-100 is-style-secondary-button\"><a class=\"wp-block-button__link has-colore-tema-1-color has-text-color has-background has-link-color wp-element-button\" href=\"https:\/\/lacasadelprosciutto.myrestoo.net\/de\/reservar\" style=\"background-color:#ffffff00\" target=\"_blank\" rel=\"noreferrer noopener\">Buchen Sie jetzt Ihr Erlebnis<\/a><\/div>\n<\/div>\n<\/div>\n<\/div><\/div><\/section>\n\n\n\n<div id=\"visite__accordion\" class=\"wp-block-group accordion__list\"><div class=\"wp-block-group__inner-container is-layout-constrained wp-block-group-is-layout-constrained\">\n<div id=\"tab-1\" class=\"wp-block-group accordion__item show has-colore-tema-1-color has-text-color has-background has-link-color wp-elements-c2a5f0717eb448769db62da1432cfa7b\" style=\"background-color:#fff7b2\"><div class=\"wp-block-group__inner-container is-layout-constrained wp-block-group-is-layout-constrained\">\n<div class=\"wp-block-group accordion__header\"><div class=\"wp-block-group__inner-container is-layout-constrained wp-block-group-is-layout-constrained\">\n<div class=\"wp-block-buttons is-layout-flex wp-block-buttons-is-layout-flex\">\n<div class=\"wp-block-button accordion__btn\"><a class=\"wp-block-button__link has-colore-tema-1-color has-text-color has-background has-link-color wp-element-button\" style=\"background-color:#ffffff00\">DAUER<\/a><\/div>\n<\/div>\n<\/div><\/div>\n\n\n\n<div class=\"wp-block-group accordion__body\"><div class=\"wp-block-group__inner-container is-layout-constrained wp-block-group-is-layout-constrained\">\n<section class=\"wp-block-publifarm-columns\"><div class=\"container-fluid\"><div class=\"row\">\n<div class=\"wp-block-publifarm-column col-9 col-md-9 col-lg-9\">\n<h3 class=\"wp-block-evidenzio-ev-title titolo_pb d-block h4 has-text-align-undefined accordion__title\">Etwa 30\/40 Minuten<\/h3>\n<\/div>\n\n\n\n<div class=\"wp-block-publifarm-column col-3 col-md-3 col-lg-3\">\n<figure class=\"wp-block-image size-full\"><img decoding=\"async\" src=\"https:\/\/security-prosciutto.publifarm.com\/wp-content\/uploads\/2024\/06\/icon-durata.svg\" alt=\"\" class=\"wp-image-1168\"\/><\/figure>\n<\/div>\n\n\n\n<div class=\"wp-block-publifarm-column col-12 col-md-12 col-lg\">\n<p class=\"wp-block-evidenzio-ev-title titolo_pb d-block h2 has-text-align-undefined accordion__text\">Jeden <strong>Samstag<\/strong> und <strong>Sonntag<\/strong> (und Feiertage) mit Reservierungspflicht.<\/p>\n<\/div>\n<\/div><\/div><\/section>\n<\/div><\/div>\n<\/div><\/div>\n\n\n\n<div id=\"tab-2\" class=\"wp-block-group accordion__item has-colore-tema-1-color has-text-color has-background has-link-color wp-elements-d56cf3d10373fa1d2dba49d29b1bcf7e\" style=\"background-color:#f2eece\"><div class=\"wp-block-group__inner-container is-layout-constrained wp-block-group-is-layout-constrained\">\n<div class=\"wp-block-group accordion__header\"><div class=\"wp-block-group__inner-container is-layout-constrained wp-block-group-is-layout-constrained\">\n<div class=\"wp-block-buttons is-layout-flex wp-block-buttons-is-layout-flex\">\n<div class=\"wp-block-button accordion__btn\"><a class=\"wp-block-button__link has-colore-tema-1-color has-text-color has-background has-link-color wp-element-button\" style=\"background-color:#ffffff00\">KOSTEN<\/a><\/div>\n<\/div>\n<\/div><\/div>\n\n\n\n<div class=\"wp-block-group accordion__body\"><div class=\"wp-block-group__inner-container is-layout-constrained wp-block-group-is-layout-constrained\">\n<section class=\"wp-block-publifarm-columns\"><div class=\"container-fluid\"><div class=\"row\">\n<div class=\"wp-block-publifarm-column col-9 col-md-9 col-lg-9\">\n<h3 class=\"wp-block-evidenzio-ev-title titolo_pb d-block h4 has-text-align-undefined accordion__title\">Die F\u00fchrung ist kostenlos, w\u00e4hrend die Kosten f\u00fcr das Mittagessen etwa 35\/45 \u20ac pro Person betragen, je nachdem, was aus dem \u00c0-la-carte-Men\u00fc bestellt wird.<\/h3>\n<\/div>\n\n\n\n<div class=\"wp-block-publifarm-column col-3 col-md-3 col-lg-3\">\n<figure class=\"wp-block-image size-full\"><img decoding=\"async\" src=\"https:\/\/security-prosciutto.publifarm.com\/wp-content\/uploads\/2024\/06\/icon-costo.svg\" alt=\"\" class=\"wp-image-1172\"\/><\/figure>\n<\/div>\n\n\n\n<div class=\"wp-block-publifarm-column col-12 col-md-12 col-lg\">\n<p class=\"wp-block-evidenzio-ev-title titolo_pb d-block h2 has-text-align-undefined accordion__text\">Die Verkostung besteht aus einem echten Mittagessen und beinhaltet kein festes Men\u00fc, sondern Sie bestellen direkt \u00e0 la carte.<\/p>\n<\/div>\n<\/div><\/div><\/section>\n<\/div><\/div>\n<\/div><\/div>\n\n\n\n<div id=\"tab-3\" class=\"wp-block-group accordion__item has-colore-tema-1-color has-colore-tema-5-background-color has-text-color has-background has-link-color wp-elements-969d80cf0d54460953bf929a77508264\"><div class=\"wp-block-group__inner-container is-layout-constrained wp-block-group-is-layout-constrained\">\n<div class=\"wp-block-group accordion__header\"><div class=\"wp-block-group__inner-container is-layout-constrained wp-block-group-is-layout-constrained\">\n<div class=\"wp-block-buttons is-layout-flex wp-block-buttons-is-layout-flex\">\n<div class=\"wp-block-button accordion__btn\"><a class=\"wp-block-button__link has-colore-tema-1-color has-text-color has-background has-link-color wp-element-button\" style=\"background-color:#ffffff00\">WIE SIE UNS ERREICHEN &#8211; PARKPLATZ<\/a><\/div>\n<\/div>\n<\/div><\/div>\n\n\n\n<div class=\"wp-block-group accordion__body\"><div class=\"wp-block-group__inner-container is-layout-constrained wp-block-group-is-layout-constrained\">\n<section class=\"wp-block-publifarm-columns\"><div class=\"container-fluid\"><div class=\"row\">\n<div class=\"wp-block-publifarm-column col-12 col-md-12 col-lg-12\">\n<div id=\"map\"><\/div>\n<\/div>\n<\/div><\/div><\/section>\n<\/div><\/div>\n<\/div><\/div>\n\n\n\n<div id=\"tab-4\" class=\"wp-block-group accordion__item has-colore-tema-1-color has-text-color has-background has-link-color wp-elements-8320d63a1037f1b926a4af246fca38f1\" style=\"background-color:#b9b7b5\"><div class=\"wp-block-group__inner-container is-layout-constrained wp-block-group-is-layout-constrained\">\n<div class=\"wp-block-group accordion__header\"><div class=\"wp-block-group__inner-container is-layout-constrained wp-block-group-is-layout-constrained\">\n<div class=\"wp-block-buttons is-layout-flex wp-block-buttons-is-layout-flex\">\n<div class=\"wp-block-button accordion__btn\"><a class=\"wp-block-button__link has-colore-tema-1-color has-text-color has-background has-link-color wp-element-button\" style=\"background-color:#ffffff00\">GRUPPEN<\/a><\/div>\n<\/div>\n<\/div><\/div>\n\n\n\n<div class=\"wp-block-group accordion__body\"><div class=\"wp-block-group__inner-container is-layout-constrained wp-block-group-is-layout-constrained\">\n<section class=\"wp-block-publifarm-columns\"><div class=\"container-fluid\"><div class=\"row\">\n<div class=\"wp-block-publifarm-column col-9 col-md-9 col-lg-9\">\n<h3 class=\"wp-block-evidenzio-ev-title titolo_pb d-block h4 has-text-align-undefined accordion__title\">Gerne bieten wir auch f\u00fcr gro\u00dfe Gruppen die M\u00f6glichkeit an, F\u00fchrungen zu buchen.<\/h3>\n<\/div>\n\n\n\n<div class=\"wp-block-publifarm-column col-3 col-md-3 col-lg-3\">\n<figure class=\"wp-block-image size-full\"><img decoding=\"async\" src=\"https:\/\/security-prosciutto.publifarm.com\/wp-content\/uploads\/2024\/06\/icon-gruppi.svg\" alt=\"\" class=\"wp-image-1164\"\/><\/figure>\n<\/div>\n\n\n\n<div class=\"wp-block-publifarm-column col-12 col-md-12 col-lg\">\n<p class=\"wp-block-evidenzio-ev-title titolo_pb d-block h2 has-text-align-undefined accordion__text\">Wenn Sie eine Gruppe von mehr als 12 Personen sind und einen Besuch buchen m\u00f6chten, geben Sie uns einfach mindestens 30 Tage im Voraus Bescheid und wir organisieren eine ma\u00dfgeschneiderte Tour f\u00fcr Sie, auch unter der Woche.<\/p>\n\n\n\n<p class=\"accordion__text\">F\u00fcr weitere Informationen und um ein individuelles Angebot zu erhalten, laden wir Sie ein, uns per E-Mail zu kontaktieren: <a href=\"mailto:info@lacasadelprosciutto.com\">info@lacasadelprosciutto.com<\/a><\/p>\n<\/div>\n<\/div><\/div><\/section>\n<\/div><\/div>\n<\/div><\/div>\n<\/div><\/div>\n\n\n\n<section class=\"wp-block-publifarm-columns section__banner-cta has-background has-colore-tema-5-background-color\"><div class=\"container\"><div class=\"row\">\n<div class=\"wp-block-publifarm-column col-8 col-md-8 col-lg-8\">\n<span class=\"wp-block-evidenzio-ev-title titolo_pb d-block h5 has-text-align-undefined has-colore-tema-1-color has-text-color has-link-color wp-elements-ae3e75e5f1a77195de94af36ac2fe76e\">360\u00b0 virtueller Rundgang<\/span>\n<\/div>\n\n\n\n<div class=\"wp-block-publifarm-column col-4 col-md-4 col-lg-4\">\n<div class=\"wp-block-buttons is-layout-flex wp-block-buttons-is-layout-flex\">\n<div class=\"wp-block-button has-custom-width wp-block-button__width-100 is-style-secondary-button\"><a class=\"wp-block-button__link has-colore-tema-1-color has-text-color has-background has-link-color wp-element-button\" href=\"https:\/\/www.google.com\/maps\/@46.1573527,13.0096458,3a,90y,217.77h,88.55t\/data=!3m8!1e1!3m6!1sAF1QipNTt89zbc7mCnNqu_yFZdD1RBFgM-yKr1at7yoX!2e10!3e12!6shttps:%2F%2Flh3.googleusercontent.com%2Fp%2FAF1QipNTt89zbc7mCnNqu_yFZdD1RBFgM-yKr1at7yoX%3Dw900-h600-k-no-pi1.4500000000000028-ya353.77-ro0-fo100!7i9000!8i4500?entry=ttu&amp;g_ep=EgoyMDI1MDEyOS4xIKXMDSoASAFQAw%3D%3D\" style=\"background-color:#ffffff00\" rel=\"#\">Rundgang<\/a><\/div>\n<\/div>\n<\/div>\n<\/div><\/div><\/section>\n\n\n\n<section class=\"wp-block-publifarm-columns section__banner-cta has-background bicolor has-colore-tema-6-color has-colore-tema-3-background-color has-text-color has-link-color wp-elements-f3fc4713690e0170a0accad3389aaa15\" id=\"visite__regala\"><div class=\"container\"><div class=\"row\">\n<div class=\"wp-block-publifarm-column col-8 col-md-8 col-lg-8\">\n<span class=\"wp-block-evidenzio-ev-title titolo_pb d-block h5 has-text-align-undefined has-colore-tema-6-color has-text-color has-link-color wp-elements-706e72cb97765a81030026d655cb8d03\">Verschenken Sie dieses Erlebnis!<\/span>\n<\/div>\n\n\n\n<div class=\"wp-block-publifarm-column col-4 col-md-4 col-lg-4 has-colore-tema-6-background-color has-background\">\n<div class=\"wp-block-buttons is-layout-flex wp-block-buttons-is-layout-flex\">\n<div class=\"wp-block-button has-custom-width wp-block-button__width-100 is-style-primary-button\"><a class=\"wp-block-button__link has-colore-tema-1-color has-colore-tema-6-background-color has-text-color has-background has-link-color wp-element-button\" href=\"https:\/\/lacasadelprosciutto.myrestoo.net\/de\/tienda\/voucher-E4D790\" target=\"_blank\" rel=\"# noreferrer noopener\">GUTSCHEIN<\/a><\/div>\n<\/div>\n<\/div>\n<\/div><\/div><\/section>\n\n\n\n<section class=\"wp-block-publifarm-columns video__section\"><div class=\"container-fluid\"><div class=\"row\">\n<div class=\"wp-block-publifarm-column col-12 col-md-12 col-lg\"><section id=\"block_b00ee89bb332ef4d76118c0de051d7bd\">\n\t\t\t\t\t\t\t\t\t\t\t\t<\/section>\n<\/div>\n<\/div><\/div><\/section>\n","protected":false},"excerpt":{"rendered":"","protected":false},"author":1,"featured_media":0,"parent":0,"menu_order":0,"comment_status":"closed","ping_status":"closed","template":"","meta":{"_acf_changed":false,"footnotes":""},"class_list":["post-1359","page","type-page","status-publish","hentry"],"acf":[],"yoast_head":"<!-- This site is optimized with the Yoast SEO plugin v27.0 - https:\/\/yoast.com\/product\/yoast-seo-wordpress\/ -->\n<title>F\u00fchrungen - La Casa del Prosciutto<\/title>\n<meta name=\"robots\" content=\"noindex, follow, max-snippet:-1, max-image-preview:large, max-video-preview:-1\" \/>\n<meta property=\"og:locale\" content=\"de_DE\" \/>\n<meta property=\"og:type\" content=\"article\" \/>\n<meta property=\"og:title\" content=\"F\u00fchrungen - La Casa del Prosciutto\" \/>\n<meta property=\"og:url\" content=\"https:\/\/security-prosciutto.publifarm.com\/de\/fuhrungen\/\" \/>\n<meta property=\"og:site_name\" content=\"La Casa del Prosciutto\" \/>\n<meta property=\"article:modified_time\" content=\"2025-04-29T08:39:47+00:00\" \/>\n<meta property=\"og:image\" content=\"https:\/\/security-prosciutto.publifarm.com\/wp-content\/uploads\/2024\/11\/Progetto-senza-titolo-8-1024x858.png\" \/>\n<meta name=\"twitter:card\" content=\"summary_large_image\" \/>\n<meta name=\"twitter:label1\" content=\"Est. reading time\" \/>\n\t<meta name=\"twitter:data1\" content=\"3 minutes\" \/>\n<script type=\"application\/ld+json\" class=\"yoast-schema-graph\">{\"@context\":\"https:\/\/schema.org\",\"@graph\":[{\"@type\":\"WebPage\",\"@id\":\"https:\/\/security-prosciutto.publifarm.com\/de\/fuhrungen\/\",\"url\":\"https:\/\/security-prosciutto.publifarm.com\/de\/fuhrungen\/\",\"name\":\"F\u00fchrungen - La Casa del Prosciutto\",\"isPartOf\":{\"@id\":\"https:\/\/security-prosciutto.publifarm.com\/de\/#website\"},\"primaryImageOfPage\":{\"@id\":\"https:\/\/security-prosciutto.publifarm.com\/de\/fuhrungen\/#primaryimage\"},\"image\":{\"@id\":\"https:\/\/security-prosciutto.publifarm.com\/de\/fuhrungen\/#primaryimage\"},\"thumbnailUrl\":\"https:\/\/security-prosciutto.publifarm.com\/wp-content\/uploads\/2024\/11\/Progetto-senza-titolo-8-1024x858.png\",\"datePublished\":\"2024-05-29T09:39:59+00:00\",\"dateModified\":\"2025-04-29T08:39:47+00:00\",\"breadcrumb\":{\"@id\":\"https:\/\/security-prosciutto.publifarm.com\/de\/fuhrungen\/#breadcrumb\"},\"inLanguage\":\"de-DE\",\"potentialAction\":[{\"@type\":\"ReadAction\",\"target\":[\"https:\/\/security-prosciutto.publifarm.com\/de\/fuhrungen\/\"]}]},{\"@type\":\"ImageObject\",\"inLanguage\":\"de-DE\",\"@id\":\"https:\/\/security-prosciutto.publifarm.com\/de\/fuhrungen\/#primaryimage\",\"url\":\"https:\/\/security-prosciutto.publifarm.com\/wp-content\/uploads\/2024\/11\/Progetto-senza-titolo-8-1024x858.png\",\"contentUrl\":\"https:\/\/security-prosciutto.publifarm.com\/wp-content\/uploads\/2024\/11\/Progetto-senza-titolo-8-1024x858.png\"},{\"@type\":\"BreadcrumbList\",\"@id\":\"https:\/\/security-prosciutto.publifarm.com\/de\/fuhrungen\/#breadcrumb\",\"itemListElement\":[{\"@type\":\"ListItem\",\"position\":1,\"name\":\"Home\",\"item\":\"https:\/\/security-prosciutto.publifarm.com\/de\/\"},{\"@type\":\"ListItem\",\"position\":2,\"name\":\"F\u00fchrungen\"}]},{\"@type\":\"WebSite\",\"@id\":\"https:\/\/security-prosciutto.publifarm.com\/de\/#website\",\"url\":\"https:\/\/security-prosciutto.publifarm.com\/de\/\",\"name\":\"La Casa del Prosciutto\",\"description\":\"Alberti 1906\",\"potentialAction\":[{\"@type\":\"SearchAction\",\"target\":{\"@type\":\"EntryPoint\",\"urlTemplate\":\"https:\/\/security-prosciutto.publifarm.com\/de\/?s={search_term_string}\"},\"query-input\":{\"@type\":\"PropertyValueSpecification\",\"valueRequired\":true,\"valueName\":\"search_term_string\"}}],\"inLanguage\":\"de-DE\"}]}<\/script>\n<!-- \/ Yoast SEO plugin. -->","yoast_head_json":{"title":"F\u00fchrungen - La Casa del Prosciutto","robots":{"index":"noindex","follow":"follow","max-snippet":"max-snippet:-1","max-image-preview":"max-image-preview:large","max-video-preview":"max-video-preview:-1"},"og_locale":"de_DE","og_type":"article","og_title":"F\u00fchrungen - La Casa del Prosciutto","og_url":"https:\/\/security-prosciutto.publifarm.com\/de\/fuhrungen\/","og_site_name":"La Casa del Prosciutto","article_modified_time":"2025-04-29T08:39:47+00:00","og_image":[{"url":"https:\/\/security-prosciutto.publifarm.com\/wp-content\/uploads\/2024\/11\/Progetto-senza-titolo-8-1024x858.png","type":"","width":"","height":""}],"twitter_card":"summary_large_image","twitter_misc":{"Est. reading time":"3 minutes"},"schema":{"@context":"https:\/\/schema.org","@graph":[{"@type":"WebPage","@id":"https:\/\/security-prosciutto.publifarm.com\/de\/fuhrungen\/","url":"https:\/\/security-prosciutto.publifarm.com\/de\/fuhrungen\/","name":"F\u00fchrungen - La Casa del Prosciutto","isPartOf":{"@id":"https:\/\/security-prosciutto.publifarm.com\/de\/#website"},"primaryImageOfPage":{"@id":"https:\/\/security-prosciutto.publifarm.com\/de\/fuhrungen\/#primaryimage"},"image":{"@id":"https:\/\/security-prosciutto.publifarm.com\/de\/fuhrungen\/#primaryimage"},"thumbnailUrl":"https:\/\/security-prosciutto.publifarm.com\/wp-content\/uploads\/2024\/11\/Progetto-senza-titolo-8-1024x858.png","datePublished":"2024-05-29T09:39:59+00:00","dateModified":"2025-04-29T08:39:47+00:00","breadcrumb":{"@id":"https:\/\/security-prosciutto.publifarm.com\/de\/fuhrungen\/#breadcrumb"},"inLanguage":"de-DE","potentialAction":[{"@type":"ReadAction","target":["https:\/\/security-prosciutto.publifarm.com\/de\/fuhrungen\/"]}]},{"@type":"ImageObject","inLanguage":"de-DE","@id":"https:\/\/security-prosciutto.publifarm.com\/de\/fuhrungen\/#primaryimage","url":"https:\/\/security-prosciutto.publifarm.com\/wp-content\/uploads\/2024\/11\/Progetto-senza-titolo-8-1024x858.png","contentUrl":"https:\/\/security-prosciutto.publifarm.com\/wp-content\/uploads\/2024\/11\/Progetto-senza-titolo-8-1024x858.png"},{"@type":"BreadcrumbList","@id":"https:\/\/security-prosciutto.publifarm.com\/de\/fuhrungen\/#breadcrumb","itemListElement":[{"@type":"ListItem","position":1,"name":"Home","item":"https:\/\/security-prosciutto.publifarm.com\/de\/"},{"@type":"ListItem","position":2,"name":"F\u00fchrungen"}]},{"@type":"WebSite","@id":"https:\/\/security-prosciutto.publifarm.com\/de\/#website","url":"https:\/\/security-prosciutto.publifarm.com\/de\/","name":"La Casa del Prosciutto","description":"Alberti 1906","potentialAction":[{"@type":"SearchAction","target":{"@type":"EntryPoint","urlTemplate":"https:\/\/security-prosciutto.publifarm.com\/de\/?s={search_term_string}"},"query-input":{"@type":"PropertyValueSpecification","valueRequired":true,"valueName":"search_term_string"}}],"inLanguage":"de-DE"}]}},"jetpack_sharing_enabled":true,"_links":{"self":[{"href":"https:\/\/security-prosciutto.publifarm.com\/de\/wp-json\/wp\/v2\/pages\/1359","targetHints":{"allow":["GET"]}}],"collection":[{"href":"https:\/\/security-prosciutto.publifarm.com\/de\/wp-json\/wp\/v2\/pages"}],"about":[{"href":"https:\/\/security-prosciutto.publifarm.com\/de\/wp-json\/wp\/v2\/types\/page"}],"author":[{"embeddable":true,"href":"https:\/\/security-prosciutto.publifarm.com\/de\/wp-json\/wp\/v2\/users\/1"}],"replies":[{"embeddable":true,"href":"https:\/\/security-prosciutto.publifarm.com\/de\/wp-json\/wp\/v2\/comments?post=1359"}],"version-history":[{"count":9,"href":"https:\/\/security-prosciutto.publifarm.com\/de\/wp-json\/wp\/v2\/pages\/1359\/revisions"}],"predecessor-version":[{"id":6519,"href":"https:\/\/security-prosciutto.publifarm.com\/de\/wp-json\/wp\/v2\/pages\/1359\/revisions\/6519"}],"wp:attachment":[{"href":"https:\/\/security-prosciutto.publifarm.com\/de\/wp-json\/wp\/v2\/media?parent=1359"}],"curies":[{"name":"wp","href":"https:\/\/api.w.org\/{rel}","templated":true}]}}